{"id":11813,"date":"2026-04-02T10:12:01","date_gmt":"2026-04-02T10:12:01","guid":{"rendered":"https:\/\/www.tafabrasivi.com\/?page_id=11813"},"modified":"2026-04-02T10:12:04","modified_gmt":"2026-04-02T10:12:04","slug":"politique-de-qualite","status":"publish","type":"page","link":"https:\/\/www.tafabrasivi.com\/fr\/politique-de-qualite\/","title":{"rendered":"Politique de qualit\u00e9"},"content":{"rendered":"<ol>\n<li><strong> Vision et mission: excellence en constante \u00e9volution<\/strong><\/li>\n<\/ol>\n<p>TAF ABRASIVI vise l&rsquo;excellence en alliant une vocation commerciale de longue date \u00e0 l&rsquo;innovation technologique. Notre mission est de cr\u00e9er de la valeur gr\u00e2ce \u00e0 une croissance durable, en garantissant des solutions de haute qualit\u00e9 et un service sur mesure qui anticipe les d\u00e9fis du march\u00e9 mondial.<\/p>\n<ol start=\"2\">\n<li><strong>Nos piliers strat\u00e9giques<\/strong><\/li>\n<\/ol>\n<ul>\n<li><strong>Service global int\u00e9gr\u00e9 :<\/strong>Nous proposons une gamme compl\u00e8te de produits en stock et sur mesure, ainsi qu&rsquo;un r\u00e9seau de distribution \u00e9tendu en Italie et \u00e0 l&rsquo;\u00e9tranger, le tout soutenu par un conseil technique sp\u00e9cialis\u00e9.<\/li>\n<li><strong>\u00c9thique et responsabilit\u00e9 :<\/strong>\u00a0Nous agissons avec int\u00e9grit\u00e9 envers nos employ\u00e9s, nos partenaires et la communaut\u00e9. Nous int\u00e9grons la durabilit\u00e9 environnementale dans chaque processus, en favorisant un d\u00e9veloppement respectueux du territoire.<\/li>\n<li><strong>Centrage sur le client :<\/strong>Nous construisons des relations fond\u00e9es sur l&rsquo;\u00e9coute, la transparence et la fiabilit\u00e9, en transformant les besoins de nos partenaires en solutions comp\u00e9titives.<\/li>\n<\/ul>\n<ol start=\"3\">\n<li><strong>Valeurs et culture d&rsquo;entreprise<\/strong><\/li>\n<\/ol>\n<p>La qualit\u00e9 vient des personnes. Depuis pr\u00e8s de <strong>75 ans<\/strong>, nous promouvons une culture fond\u00e9e sur :<\/p>\n<ul>\n<li><strong>Professionnalisme et loyaut\u00e9 :<\/strong>Nous valorisons le sentiment d&rsquo;appartenance, la s\u00e9curit\u00e9 et l&rsquo;\u00e9panouissement professionnel de chaque collaborateur.<\/li>\n<li><strong>Responsabilit\u00e9 partag\u00e9e :<\/strong>Chaque membre de l&rsquo;\u00e9quipe est acteur du syst\u00e8me qualit\u00e9, \u0153uvrant pour pr\u00e9venir les non-conformit\u00e9s et garantir des processus fluides et contr\u00f4l\u00e9s.<\/li>\n<\/ul>\n<ol start=\"4\">\n<li><strong>Normes et am\u00e9lioration continue<\/strong><\/li>\n<\/ol>\n<p>Notre syst\u00e8me de gestion, certifi\u00e9 <strong>ISO 9001 (UNI EN ISO 9001)<\/strong>, garantit le respect rigoureux des exigences r\u00e9glementaires et contractuelles. La direction s&rsquo;engage \u00e0 :<\/p>\n<ul>\n<li>Planifier des objectifs annuels <strong>mesurables et r\u00e9alistes.<\/strong><\/li>\n<li>Surveiller en permanence les retours d&rsquo;information et les performances afin de mettre en \u0153uvre des solutions rapides.<\/li>\n<li>Allouer des ressources ad\u00e9quates pour favoriser l&rsquo;<strong>am\u00e9lioration continue <\/strong>des produits et des processus.<\/li>\n<\/ul>\n<div class=\"Y3BBE\" data-sfc-cp=\"\" data-sfc-root=\"c\" data-sfc-cb=\"\" data-hveid=\"CAEICxAA\" data-complete=\"true\" data-processed=\"true\">Cette Politique est communiqu\u00e9e et partag\u00e9e \u00e0 tous les niveaux de l&rsquo;organisation, afin que chaque action quotidienne soit coh\u00e9rente avec l&rsquo;excellence que TAF ABRASIVI repr\u00e9sente sur le march\u00e9.<\/div>\n<div class=\"Fsg96\" data-sfc-cp=\"\" data-sfc-root=\"c\" data-sfc-cb=\"\" data-complete=\"true\" data-processed=\"true\"><\/div>\n","protected":false},"excerpt":{"rendered":"<p>Vision et mission: excellence en constante \u00e9volution TAF ABRASIVI vise l&rsquo;excellence en alliant une vocation commerciale de longue date \u00e0 l&rsquo;innovation technologique. Notre mission est de cr\u00e9er de la valeur gr\u00e2ce \u00e0 une croissance durable, en garantissant des solutions de haute qualit\u00e9 et un service sur mesure qui anticipe les d\u00e9fis du march\u00e9 mondial. Nos&#8230;<\/p>\n","protected":false},"author":8,"featured_media":11455,"parent":0,"menu_order":0,"comment_status":"closed","ping_status":"closed","template":"page-templates\/simple-page.php","meta":{"footnotes":""},"class_list":["post-11813","page","type-page","status-publish","has-post-thumbnail","hentry"],"yoast_head":"<!-- This site is optimized with the Yoast SEO plugin v26.1.1 - https:\/\/yoast.com\/wordpress\/plugins\/seo\/ -->\n<title>Politique de qualit\u00e9 | TAF abrasivi<\/title>\n<meta name=\"robots\" content=\"noindex, nofollow\" \/>\n<meta property=\"og:locale\" content=\"fr_FR\" \/>\n<meta property=\"og:type\" content=\"article\" \/>\n<meta property=\"og:title\" content=\"Politique de qualit\u00e9 | TAF abrasivi\" \/>\n<meta property=\"og:description\" content=\"Vision et mission: excellence en constante \u00e9volution TAF ABRASIVI vise l&rsquo;excellence en alliant une vocation commerciale de longue date \u00e0 l&rsquo;innovation technologique. Notre mission est de cr\u00e9er de la valeur gr\u00e2ce \u00e0 une croissance durable, en garantissant des solutions de haute qualit\u00e9 et un service sur mesure qui anticipe les d\u00e9fis du march\u00e9 mondial. Nos...\" \/>\n<meta property=\"og:url\" content=\"https:\/\/www.tafabrasivi.com\/fr\/politique-de-qualite\/\" \/>\n<meta property=\"og:site_name\" content=\"TAF abrasivi\" \/>\n<meta property=\"article:modified_time\" content=\"2026-04-02T10:12:04+00:00\" \/>\n<meta property=\"og:image\" content=\"https:\/\/www.tafabrasivi.com\/wp-content\/uploads\/2024\/01\/contatti-banner@2x-scaled-1.jpg\" \/>\n\t<meta property=\"og:image:width\" content=\"1920\" \/>\n\t<meta property=\"og:image:height\" content=\"471\" \/>\n\t<meta property=\"og:image:type\" content=\"image\/jpeg\" \/>\n<meta name=\"twitter:card\" content=\"summary_large_image\" \/>\n<meta name=\"twitter:label1\" content=\"Dur\u00e9e de lecture estim\u00e9e\" \/>\n\t<meta name=\"twitter:data1\" content=\"1 minute\" \/>\n<script type=\"application\/ld+json\" class=\"yoast-schema-graph\">{\"@context\":\"https:\/\/schema.org\",\"@graph\":[{\"@type\":\"WebPage\",\"@id\":\"https:\/\/www.tafabrasivi.com\/fr\/politique-de-qualite\/\",\"url\":\"https:\/\/www.tafabrasivi.com\/fr\/politique-de-qualite\/\",\"name\":\"Politique de qualit\u00e9 | TAF abrasivi\",\"isPartOf\":{\"@id\":\"https:\/\/www.tafabrasivi.com\/fr\/#website\"},\"primaryImageOfPage\":{\"@id\":\"https:\/\/www.tafabrasivi.com\/fr\/politique-de-qualite\/#primaryimage\"},\"image\":{\"@id\":\"https:\/\/www.tafabrasivi.com\/fr\/politique-de-qualite\/#primaryimage\"},\"thumbnailUrl\":\"https:\/\/www.tafabrasivi.com\/wp-content\/uploads\/2024\/01\/contatti-banner@2x-scaled-1.jpg\",\"datePublished\":\"2026-04-02T10:12:01+00:00\",\"dateModified\":\"2026-04-02T10:12:04+00:00\",\"inLanguage\":\"fr-FR\",\"potentialAction\":[{\"@type\":\"ReadAction\",\"target\":[\"https:\/\/www.tafabrasivi.com\/fr\/politique-de-qualite\/\"]}]},{\"@type\":\"ImageObject\",\"inLanguage\":\"fr-FR\",\"@id\":\"https:\/\/www.tafabrasivi.com\/fr\/politique-de-qualite\/#primaryimage\",\"url\":\"https:\/\/www.tafabrasivi.com\/wp-content\/uploads\/2024\/01\/contatti-banner@2x-scaled-1.jpg\",\"contentUrl\":\"https:\/\/www.tafabrasivi.com\/wp-content\/uploads\/2024\/01\/contatti-banner@2x-scaled-1.jpg\",\"width\":1920,\"height\":471},{\"@type\":\"WebSite\",\"@id\":\"https:\/\/www.tafabrasivi.com\/fr\/#website\",\"url\":\"https:\/\/www.tafabrasivi.com\/fr\/\",\"name\":\"TAF abrasivi\",\"description\":\"\",\"publisher\":{\"@id\":\"https:\/\/www.tafabrasivi.com\/fr\/#organization\"},\"potentialAction\":[{\"@type\":\"SearchAction\",\"target\":{\"@type\":\"EntryPoint\",\"urlTemplate\":\"https:\/\/www.tafabrasivi.com\/fr\/?s={search_term_string}\"},\"query-input\":{\"@type\":\"PropertyValueSpecification\",\"valueRequired\":true,\"valueName\":\"search_term_string\"}}],\"inLanguage\":\"fr-FR\"},{\"@type\":\"Organization\",\"@id\":\"https:\/\/www.tafabrasivi.com\/fr\/#organization\",\"name\":\"TAF Abrasivi\",\"url\":\"https:\/\/www.tafabrasivi.com\/fr\/\",\"logo\":{\"@type\":\"ImageObject\",\"inLanguage\":\"fr-FR\",\"@id\":\"https:\/\/www.tafabrasivi.com\/fr\/#\/schema\/logo\/image\/\",\"url\":\"https:\/\/www.tafabrasivi.com\/wp-content\/uploads\/2021\/09\/2006.jpg\",\"contentUrl\":\"https:\/\/www.tafabrasivi.com\/wp-content\/uploads\/2021\/09\/2006.jpg\",\"width\":1710,\"height\":1080,\"caption\":\"TAF Abrasivi\"},\"image\":{\"@id\":\"https:\/\/www.tafabrasivi.com\/fr\/#\/schema\/logo\/image\/\"}}]}<\/script>\n<!-- \/ Yoast SEO plugin. -->","yoast_head_json":{"title":"Politique de qualit\u00e9 | TAF abrasivi","robots":{"index":"noindex","follow":"nofollow"},"og_locale":"fr_FR","og_type":"article","og_title":"Politique de qualit\u00e9 | TAF abrasivi","og_description":"Vision et mission: excellence en constante \u00e9volution TAF ABRASIVI vise l&rsquo;excellence en alliant une vocation commerciale de longue date \u00e0 l&rsquo;innovation technologique. Notre mission est de cr\u00e9er de la valeur gr\u00e2ce \u00e0 une croissance durable, en garantissant des solutions de haute qualit\u00e9 et un service sur mesure qui anticipe les d\u00e9fis du march\u00e9 mondial. Nos...","og_url":"https:\/\/www.tafabrasivi.com\/fr\/politique-de-qualite\/","og_site_name":"TAF abrasivi","article_modified_time":"2026-04-02T10:12:04+00:00","og_image":[{"width":1920,"height":471,"url":"https:\/\/www.tafabrasivi.com\/wp-content\/uploads\/2024\/01\/contatti-banner@2x-scaled-1.jpg","type":"image\/jpeg"}],"twitter_card":"summary_large_image","twitter_misc":{"Dur\u00e9e de lecture estim\u00e9e":"1 minute"},"schema":{"@context":"https:\/\/schema.org","@graph":[{"@type":"WebPage","@id":"https:\/\/www.tafabrasivi.com\/fr\/politique-de-qualite\/","url":"https:\/\/www.tafabrasivi.com\/fr\/politique-de-qualite\/","name":"Politique de qualit\u00e9 | TAF abrasivi","isPartOf":{"@id":"https:\/\/www.tafabrasivi.com\/fr\/#website"},"primaryImageOfPage":{"@id":"https:\/\/www.tafabrasivi.com\/fr\/politique-de-qualite\/#primaryimage"},"image":{"@id":"https:\/\/www.tafabrasivi.com\/fr\/politique-de-qualite\/#primaryimage"},"thumbnailUrl":"https:\/\/www.tafabrasivi.com\/wp-content\/uploads\/2024\/01\/contatti-banner@2x-scaled-1.jpg","datePublished":"2026-04-02T10:12:01+00:00","dateModified":"2026-04-02T10:12:04+00:00","inLanguage":"fr-FR","potentialAction":[{"@type":"ReadAction","target":["https:\/\/www.tafabrasivi.com\/fr\/politique-de-qualite\/"]}]},{"@type":"ImageObject","inLanguage":"fr-FR","@id":"https:\/\/www.tafabrasivi.com\/fr\/politique-de-qualite\/#primaryimage","url":"https:\/\/www.tafabrasivi.com\/wp-content\/uploads\/2024\/01\/contatti-banner@2x-scaled-1.jpg","contentUrl":"https:\/\/www.tafabrasivi.com\/wp-content\/uploads\/2024\/01\/contatti-banner@2x-scaled-1.jpg","width":1920,"height":471},{"@type":"WebSite","@id":"https:\/\/www.tafabrasivi.com\/fr\/#website","url":"https:\/\/www.tafabrasivi.com\/fr\/","name":"TAF abrasivi","description":"","publisher":{"@id":"https:\/\/www.tafabrasivi.com\/fr\/#organization"},"potentialAction":[{"@type":"SearchAction","target":{"@type":"EntryPoint","urlTemplate":"https:\/\/www.tafabrasivi.com\/fr\/?s={search_term_string}"},"query-input":{"@type":"PropertyValueSpecification","valueRequired":true,"valueName":"search_term_string"}}],"inLanguage":"fr-FR"},{"@type":"Organization","@id":"https:\/\/www.tafabrasivi.com\/fr\/#organization","name":"TAF Abrasivi","url":"https:\/\/www.tafabrasivi.com\/fr\/","logo":{"@type":"ImageObject","inLanguage":"fr-FR","@id":"https:\/\/www.tafabrasivi.com\/fr\/#\/schema\/logo\/image\/","url":"https:\/\/www.tafabrasivi.com\/wp-content\/uploads\/2021\/09\/2006.jpg","contentUrl":"https:\/\/www.tafabrasivi.com\/wp-content\/uploads\/2021\/09\/2006.jpg","width":1710,"height":1080,"caption":"TAF Abrasivi"},"image":{"@id":"https:\/\/www.tafabrasivi.com\/fr\/#\/schema\/logo\/image\/"}}]}},"_links":{"self":[{"href":"https:\/\/www.tafabrasivi.com\/fr\/wp-json\/wp\/v2\/pages\/11813","targetHints":{"allow":["GET"]}}],"collection":[{"href":"https:\/\/www.tafabrasivi.com\/fr\/wp-json\/wp\/v2\/pages"}],"about":[{"href":"https:\/\/www.tafabrasivi.com\/fr\/wp-json\/wp\/v2\/types\/page"}],"author":[{"embeddable":true,"href":"https:\/\/www.tafabrasivi.com\/fr\/wp-json\/wp\/v2\/users\/8"}],"replies":[{"embeddable":true,"href":"https:\/\/www.tafabrasivi.com\/fr\/wp-json\/wp\/v2\/comments?post=11813"}],"version-history":[{"count":5,"href":"https:\/\/www.tafabrasivi.com\/fr\/wp-json\/wp\/v2\/pages\/11813\/revisions"}],"predecessor-version":[{"id":11840,"href":"https:\/\/www.tafabrasivi.com\/fr\/wp-json\/wp\/v2\/pages\/11813\/revisions\/11840"}],"wp:featuredmedia":[{"embeddable":true,"href":"https:\/\/www.tafabrasivi.com\/fr\/wp-json\/wp\/v2\/media\/11455"}],"wp:attachment":[{"href":"https:\/\/www.tafabrasivi.com\/fr\/wp-json\/wp\/v2\/media?parent=11813"}],"curies":[{"name":"wp","href":"https:\/\/api.w.org\/{rel}","templated":true}]}}