{"id":10083,"date":"2021-03-19T09:03:32","date_gmt":"2021-03-19T09:03:32","guid":{"rendered":"https:\/\/www.tafabrasivi.com\/tecnologia\/"},"modified":"2021-11-29T13:13:41","modified_gmt":"2021-11-29T13:13:41","slug":"technologie","status":"publish","type":"page","link":"https:\/\/www.tafabrasivi.com\/fr\/technologie\/","title":{"rendered":"Technologie"},"content":{"rendered":"\n<div class=\"wp-block-columns is-layout-flex wp-container-core-columns-is-layout-9d6595d7 wp-block-columns-is-layout-flex\">\n<div class=\"wp-block-column is-layout-flow wp-block-column-is-layout-flow\">\n<p>D\u00e8s ses premiers pas, TAF ABRASIVI s\u2019est toujours distingu\u00e9 par son innovation technologique. Cette orientation, \u00e9tay\u00e9e ensuite par d\u2019importants investissements dans le domaine technologique, a permis \u00e0 TAF ABRASIVI de d\u00e9velopper et de fabriquer ses produits en toute autonomie.<\/p>\n\n\n\n<p>Service strat\u00e9gique de l\u2019entreprise, le d\u00e9partement Recherche &amp; D\u00e9veloppement est en effet toujours en premi\u00e8re ligne autant en ce qui concerne le d\u00e9veloppement de produits innovants aptes \u00e0 r\u00e9pondre aux besoins croissants des clients qu\u2019en termes d\u2019am\u00e9lioration continue de leur qualit\u00e9.<\/p>\n<\/div>\n\n\n\n<div class=\"wp-block-column is-layout-flow wp-block-column-is-layout-flow\">\n<p>V\u00e9ritable \u00ab c\u0153ur \u00bb de l\u2019entreprise, le d\u00e9partement production s\u2019appuie sur un syst\u00e8me technologique de pointe qui fabrique en cycle continu les diff\u00e9rents types de produits..<\/p>\n\n\n\n<p><\/p>\n<\/div>\n<\/div>\n","protected":false},"excerpt":{"rendered":"<p>D\u00e8s ses premiers pas, TAF ABRASIVI s\u2019est toujours distingu\u00e9 par son innovation technologique. Cette orientation, \u00e9tay\u00e9e ensuite par d\u2019importants investissements dans le domaine technologique, a permis \u00e0 TAF ABRASIVI de d\u00e9velopper et de fabriquer ses produits en toute autonomie. Service strat\u00e9gique de l\u2019entreprise, le d\u00e9partement Recherche &amp; D\u00e9veloppement est en effet toujours en premi\u00e8re ligne&#8230;<\/p>\n","protected":false},"author":1,"featured_media":1537,"parent":0,"menu_order":0,"comment_status":"closed","ping_status":"closed","template":"page-templates\/simple-page.php","meta":{"footnotes":""},"class_list":["post-10083","page","type-page","status-publish","has-post-thumbnail","hentry"],"yoast_head":"<!-- This site is optimized with the Yoast SEO plugin v26.1.1 - https:\/\/yoast.com\/wordpress\/plugins\/seo\/ -->\n<title>Technologie | TAF abrasivi<\/title>\n<meta name=\"description\" content=\"L\u2019innovazione tecnologica ha sempre contraddistinto l\u2019operato della TAF ABRASIVI sin dai suoi primi pass.\" \/>\n<meta name=\"robots\" content=\"index, follow, max-snippet:-1, max-image-preview:large, max-video-preview:-1\" \/>\n<link rel=\"canonical\" href=\"https:\/\/www.tafabrasivi.com\/fr\/technologie\/\" \/>\n<meta property=\"og:locale\" content=\"fr_FR\" \/>\n<meta property=\"og:type\" content=\"article\" \/>\n<meta property=\"og:title\" content=\"Technologie | TAF abrasivi\" \/>\n<meta property=\"og:description\" content=\"L\u2019innovazione tecnologica ha sempre contraddistinto l\u2019operato della TAF ABRASIVI sin dai suoi primi pass.\" \/>\n<meta property=\"og:url\" content=\"https:\/\/www.tafabrasivi.com\/fr\/technologie\/\" \/>\n<meta property=\"og:site_name\" content=\"TAF abrasivi\" \/>\n<meta property=\"article:modified_time\" content=\"2021-11-29T13:13:41+00:00\" \/>\n<meta property=\"og:image\" content=\"https:\/\/www.tafabrasivi.com\/wp-content\/uploads\/2021\/06\/tecnologia.jpg\" \/>\n\t<meta property=\"og:image:width\" content=\"2560\" \/>\n\t<meta property=\"og:image:height\" content=\"629\" \/>\n\t<meta property=\"og:image:type\" content=\"image\/jpeg\" \/>\n<meta name=\"twitter:card\" content=\"summary_large_image\" \/>\n<meta name=\"twitter:label1\" content=\"Dur\u00e9e de lecture estim\u00e9e\" \/>\n\t<meta name=\"twitter:data1\" content=\"1 minute\" \/>\n<script type=\"application\/ld+json\" class=\"yoast-schema-graph\">{\"@context\":\"https:\/\/schema.org\",\"@graph\":[{\"@type\":\"WebPage\",\"@id\":\"https:\/\/www.tafabrasivi.com\/fr\/technologie\/\",\"url\":\"https:\/\/www.tafabrasivi.com\/fr\/technologie\/\",\"name\":\"Technologie | TAF abrasivi\",\"isPartOf\":{\"@id\":\"https:\/\/www.tafabrasivi.com\/fr\/#website\"},\"primaryImageOfPage\":{\"@id\":\"https:\/\/www.tafabrasivi.com\/fr\/technologie\/#primaryimage\"},\"image\":{\"@id\":\"https:\/\/www.tafabrasivi.com\/fr\/technologie\/#primaryimage\"},\"thumbnailUrl\":\"https:\/\/www.tafabrasivi.com\/wp-content\/uploads\/2021\/06\/tecnologia.jpg\",\"datePublished\":\"2021-03-19T09:03:32+00:00\",\"dateModified\":\"2021-11-29T13:13:41+00:00\",\"description\":\"L\u2019innovazione tecnologica ha sempre contraddistinto l\u2019operato della TAF ABRASIVI sin dai suoi primi pass.\",\"inLanguage\":\"fr-FR\",\"potentialAction\":[{\"@type\":\"ReadAction\",\"target\":[\"https:\/\/www.tafabrasivi.com\/fr\/technologie\/\"]}]},{\"@type\":\"ImageObject\",\"inLanguage\":\"fr-FR\",\"@id\":\"https:\/\/www.tafabrasivi.com\/fr\/technologie\/#primaryimage\",\"url\":\"https:\/\/www.tafabrasivi.com\/wp-content\/uploads\/2021\/06\/tecnologia.jpg\",\"contentUrl\":\"https:\/\/www.tafabrasivi.com\/wp-content\/uploads\/2021\/06\/tecnologia.jpg\",\"width\":2560,\"height\":629},{\"@type\":\"WebSite\",\"@id\":\"https:\/\/www.tafabrasivi.com\/fr\/#website\",\"url\":\"https:\/\/www.tafabrasivi.com\/fr\/\",\"name\":\"TAF abrasivi\",\"description\":\"\",\"publisher\":{\"@id\":\"https:\/\/www.tafabrasivi.com\/fr\/#organization\"},\"potentialAction\":[{\"@type\":\"SearchAction\",\"target\":{\"@type\":\"EntryPoint\",\"urlTemplate\":\"https:\/\/www.tafabrasivi.com\/fr\/?s={search_term_string}\"},\"query-input\":{\"@type\":\"PropertyValueSpecification\",\"valueRequired\":true,\"valueName\":\"search_term_string\"}}],\"inLanguage\":\"fr-FR\"},{\"@type\":\"Organization\",\"@id\":\"https:\/\/www.tafabrasivi.com\/fr\/#organization\",\"name\":\"TAF Abrasivi\",\"url\":\"https:\/\/www.tafabrasivi.com\/fr\/\",\"logo\":{\"@type\":\"ImageObject\",\"inLanguage\":\"fr-FR\",\"@id\":\"https:\/\/www.tafabrasivi.com\/fr\/#\/schema\/logo\/image\/\",\"url\":\"https:\/\/www.tafabrasivi.com\/wp-content\/uploads\/2021\/09\/2006.jpg\",\"contentUrl\":\"https:\/\/www.tafabrasivi.com\/wp-content\/uploads\/2021\/09\/2006.jpg\",\"width\":1710,\"height\":1080,\"caption\":\"TAF Abrasivi\"},\"image\":{\"@id\":\"https:\/\/www.tafabrasivi.com\/fr\/#\/schema\/logo\/image\/\"}}]}<\/script>\n<!-- \/ Yoast SEO plugin. -->","yoast_head_json":{"title":"Technologie | TAF abrasivi","description":"L\u2019innovazione tecnologica ha sempre contraddistinto l\u2019operato della TAF ABRASIVI sin dai suoi primi pass.","robots":{"index":"index","follow":"follow","max-snippet":"max-snippet:-1","max-image-preview":"max-image-preview:large","max-video-preview":"max-video-preview:-1"},"canonical":"https:\/\/www.tafabrasivi.com\/fr\/technologie\/","og_locale":"fr_FR","og_type":"article","og_title":"Technologie | TAF abrasivi","og_description":"L\u2019innovazione tecnologica ha sempre contraddistinto l\u2019operato della TAF ABRASIVI sin dai suoi primi pass.","og_url":"https:\/\/www.tafabrasivi.com\/fr\/technologie\/","og_site_name":"TAF abrasivi","article_modified_time":"2021-11-29T13:13:41+00:00","og_image":[{"width":2560,"height":629,"url":"https:\/\/www.tafabrasivi.com\/wp-content\/uploads\/2021\/06\/tecnologia.jpg","type":"image\/jpeg"}],"twitter_card":"summary_large_image","twitter_misc":{"Dur\u00e9e de lecture estim\u00e9e":"1 minute"},"schema":{"@context":"https:\/\/schema.org","@graph":[{"@type":"WebPage","@id":"https:\/\/www.tafabrasivi.com\/fr\/technologie\/","url":"https:\/\/www.tafabrasivi.com\/fr\/technologie\/","name":"Technologie | TAF abrasivi","isPartOf":{"@id":"https:\/\/www.tafabrasivi.com\/fr\/#website"},"primaryImageOfPage":{"@id":"https:\/\/www.tafabrasivi.com\/fr\/technologie\/#primaryimage"},"image":{"@id":"https:\/\/www.tafabrasivi.com\/fr\/technologie\/#primaryimage"},"thumbnailUrl":"https:\/\/www.tafabrasivi.com\/wp-content\/uploads\/2021\/06\/tecnologia.jpg","datePublished":"2021-03-19T09:03:32+00:00","dateModified":"2021-11-29T13:13:41+00:00","description":"L\u2019innovazione tecnologica ha sempre contraddistinto l\u2019operato della TAF ABRASIVI sin dai suoi primi pass.","inLanguage":"fr-FR","potentialAction":[{"@type":"ReadAction","target":["https:\/\/www.tafabrasivi.com\/fr\/technologie\/"]}]},{"@type":"ImageObject","inLanguage":"fr-FR","@id":"https:\/\/www.tafabrasivi.com\/fr\/technologie\/#primaryimage","url":"https:\/\/www.tafabrasivi.com\/wp-content\/uploads\/2021\/06\/tecnologia.jpg","contentUrl":"https:\/\/www.tafabrasivi.com\/wp-content\/uploads\/2021\/06\/tecnologia.jpg","width":2560,"height":629},{"@type":"WebSite","@id":"https:\/\/www.tafabrasivi.com\/fr\/#website","url":"https:\/\/www.tafabrasivi.com\/fr\/","name":"TAF abrasivi","description":"","publisher":{"@id":"https:\/\/www.tafabrasivi.com\/fr\/#organization"},"potentialAction":[{"@type":"SearchAction","target":{"@type":"EntryPoint","urlTemplate":"https:\/\/www.tafabrasivi.com\/fr\/?s={search_term_string}"},"query-input":{"@type":"PropertyValueSpecification","valueRequired":true,"valueName":"search_term_string"}}],"inLanguage":"fr-FR"},{"@type":"Organization","@id":"https:\/\/www.tafabrasivi.com\/fr\/#organization","name":"TAF Abrasivi","url":"https:\/\/www.tafabrasivi.com\/fr\/","logo":{"@type":"ImageObject","inLanguage":"fr-FR","@id":"https:\/\/www.tafabrasivi.com\/fr\/#\/schema\/logo\/image\/","url":"https:\/\/www.tafabrasivi.com\/wp-content\/uploads\/2021\/09\/2006.jpg","contentUrl":"https:\/\/www.tafabrasivi.com\/wp-content\/uploads\/2021\/09\/2006.jpg","width":1710,"height":1080,"caption":"TAF Abrasivi"},"image":{"@id":"https:\/\/www.tafabrasivi.com\/fr\/#\/schema\/logo\/image\/"}}]}},"_links":{"self":[{"href":"https:\/\/www.tafabrasivi.com\/fr\/wp-json\/wp\/v2\/pages\/10083","targetHints":{"allow":["GET"]}}],"collection":[{"href":"https:\/\/www.tafabrasivi.com\/fr\/wp-json\/wp\/v2\/pages"}],"about":[{"href":"https:\/\/www.tafabrasivi.com\/fr\/wp-json\/wp\/v2\/types\/page"}],"author":[{"embeddable":true,"href":"https:\/\/www.tafabrasivi.com\/fr\/wp-json\/wp\/v2\/users\/1"}],"replies":[{"embeddable":true,"href":"https:\/\/www.tafabrasivi.com\/fr\/wp-json\/wp\/v2\/comments?post=10083"}],"version-history":[{"count":1,"href":"https:\/\/www.tafabrasivi.com\/fr\/wp-json\/wp\/v2\/pages\/10083\/revisions"}],"predecessor-version":[{"id":10084,"href":"https:\/\/www.tafabrasivi.com\/fr\/wp-json\/wp\/v2\/pages\/10083\/revisions\/10084"}],"wp:featuredmedia":[{"embeddable":true,"href":"https:\/\/www.tafabrasivi.com\/fr\/wp-json\/wp\/v2\/media\/1537"}],"wp:attachment":[{"href":"https:\/\/www.tafabrasivi.com\/fr\/wp-json\/wp\/v2\/media?parent=10083"}],"curies":[{"name":"wp","href":"https:\/\/api.w.org\/{rel}","templated":true}]}}