{"id":10079,"date":"2021-03-19T11:31:30","date_gmt":"2021-03-19T11:31:30","guid":{"rendered":"https:\/\/www.tafabrasivi.com\/qualita-e-made-in-italy\/"},"modified":"2021-11-29T13:11:16","modified_gmt":"2021-11-29T13:11:16","slug":"qualite-et-made-in-italy","status":"publish","type":"page","link":"https:\/\/www.tafabrasivi.com\/fr\/qualite-et-made-in-italy\/","title":{"rendered":"Qualit\u00e9 et Made in Italy"},"content":{"rendered":"\n<div class=\"wp-block-columns is-layout-flex wp-container-core-columns-is-layout-9d6595d7 wp-block-columns-is-layout-flex\">\n<div class=\"wp-block-column is-layout-flow wp-block-column-is-layout-flow\">\n<p>R\u00e9alis\u00e9e dans son \u00e9tablissement de toujours situ\u00e9 \u00e0 Monza, et occupant une surface de 18 000 m\u00b2, la production comprend une riche gamme d\u2019abrasifs appliqu\u00e9s aux supports en toile, en papier ou en fibre vulcanis\u00e9e.<\/p>\n\n\n\n<p>Afin de garantir une qualit\u00e9 d\u2019excellence, toutes les mati\u00e8res premi\u00e8res servant aux diff\u00e9rentes phases de production font l\u2019objet, avant d\u2019\u00eatre utilis\u00e9es, de protocoles rigoureux dans le laboratoire interne de TAF ABRASIVI et toutes les \u00e9tapes du processus de production sont contr\u00f4l\u00e9es.\nTAF ABRASIVI effectue par ailleurs des tests al\u00e9atoires sur tous les produits finis avant de les commercialiser. Ces tests sont men\u00e9s selon des crit\u00e8res volontairement tr\u00e8s stricts afin d\u2019assurer que les produits envoy\u00e9s aux clients sont totalement s\u00fbrs et fiables, m\u00eame en cas d\u2019utilisations particuli\u00e8rement intensives.\n<\/p>\n<\/div>\n\n\n\n<div class=\"wp-block-column is-layout-flow wp-block-column-is-layout-flow\">\n<p>Apr\u00e8s les contr\u00f4les de qualit\u00e9, les produits finis sont stock\u00e9s dans un grand entrep\u00f4t \u00e9quip\u00e9 d\u2019un syst\u00e8me de climatisation r\u00e9gulant en permanence la temp\u00e9rature et l\u2019humidit\u00e9.<\/p>\n\n\n\n<p>TAF ABRASIVI se conforme aujourd\u2019hui \u00e0 un Syst\u00e8me Qualit\u00e9 certifi\u00e9 pour la premi\u00e8re fois en 1996 selon les normes ISO 9002 qui a ensuite \u00e9volu\u00e9 jusqu\u2019\u00e0 l\u2019\u00e9dition 2015 actuelle de la norme ISO 9001.\n<\/p>\n\n\n\n<p>Tous les produits TAF ABRASIVI sont par ailleurs conformes aux exigences des normes europ\u00e9ennes EN 13743 pour les abrasifs appliqu\u00e9s, EN 12413 pour les abrasifs agglom\u00e9r\u00e9s et EN 13236 pour les superabrasifs.\n<\/p>\n\n\n\n<p><\/p>\n<\/div>\n<\/div>\n","protected":false},"excerpt":{"rendered":"<p>R\u00e9alis\u00e9e dans son \u00e9tablissement de toujours situ\u00e9 \u00e0 Monza, et occupant une surface de 18 000 m\u00b2, la production comprend une riche gamme d\u2019abrasifs appliqu\u00e9s aux supports en toile, en papier ou en fibre vulcanis\u00e9e. Afin de garantir une qualit\u00e9 d\u2019excellence, toutes les mati\u00e8res premi\u00e8res servant aux diff\u00e9rentes phases de production font l\u2019objet, avant d\u2019\u00eatre&#8230;<\/p>\n","protected":false},"author":1,"featured_media":167,"parent":0,"menu_order":0,"comment_status":"closed","ping_status":"closed","template":"page-templates\/simple-page.php","meta":{"footnotes":""},"class_list":["post-10079","page","type-page","status-publish","has-post-thumbnail","hentry"],"yoast_head":"<!-- This site is optimized with the Yoast SEO plugin v26.1.1 - https:\/\/yoast.com\/wordpress\/plugins\/seo\/ -->\n<title>Qualit\u00e9 et Made in Italy | TAF abrasivi<\/title>\n<meta name=\"robots\" content=\"index, follow, max-snippet:-1, max-image-preview:large, max-video-preview:-1\" \/>\n<link rel=\"canonical\" href=\"https:\/\/www.tafabrasivi.com\/fr\/qualite-et-made-in-italy\/\" \/>\n<meta property=\"og:locale\" content=\"fr_FR\" \/>\n<meta property=\"og:type\" content=\"article\" \/>\n<meta property=\"og:title\" content=\"Qualit\u00e9 et Made in Italy | TAF abrasivi\" \/>\n<meta property=\"og:description\" content=\"R\u00e9alis\u00e9e dans son \u00e9tablissement de toujours situ\u00e9 \u00e0 Monza, et occupant une surface de 18 000 m\u00b2, la production comprend une riche gamme d\u2019abrasifs appliqu\u00e9s aux supports en toile, en papier ou en fibre vulcanis\u00e9e. Afin de garantir une qualit\u00e9 d\u2019excellence, toutes les mati\u00e8res premi\u00e8res servant aux diff\u00e9rentes phases de production font l\u2019objet, avant d\u2019\u00eatre...\" \/>\n<meta property=\"og:url\" content=\"https:\/\/www.tafabrasivi.com\/fr\/qualite-et-made-in-italy\/\" \/>\n<meta property=\"og:site_name\" content=\"TAF abrasivi\" \/>\n<meta property=\"article:modified_time\" content=\"2021-11-29T13:11:16+00:00\" \/>\n<meta property=\"og:image\" content=\"https:\/\/www.tafabrasivi.com\/wp-content\/uploads\/2021\/03\/made-in-italy-banner@2x-scaled.jpg\" \/>\n\t<meta property=\"og:image:width\" content=\"2560\" \/>\n\t<meta property=\"og:image:height\" content=\"628\" \/>\n\t<meta property=\"og:image:type\" content=\"image\/jpeg\" \/>\n<meta name=\"twitter:card\" content=\"summary_large_image\" \/>\n<meta name=\"twitter:label1\" content=\"Dur\u00e9e de lecture estim\u00e9e\" \/>\n\t<meta name=\"twitter:data1\" content=\"1 minute\" \/>\n<script type=\"application\/ld+json\" class=\"yoast-schema-graph\">{\"@context\":\"https:\/\/schema.org\",\"@graph\":[{\"@type\":\"WebPage\",\"@id\":\"https:\/\/www.tafabrasivi.com\/fr\/qualite-et-made-in-italy\/\",\"url\":\"https:\/\/www.tafabrasivi.com\/fr\/qualite-et-made-in-italy\/\",\"name\":\"Qualit\u00e9 et Made in Italy | TAF abrasivi\",\"isPartOf\":{\"@id\":\"https:\/\/www.tafabrasivi.com\/fr\/#website\"},\"primaryImageOfPage\":{\"@id\":\"https:\/\/www.tafabrasivi.com\/fr\/qualite-et-made-in-italy\/#primaryimage\"},\"image\":{\"@id\":\"https:\/\/www.tafabrasivi.com\/fr\/qualite-et-made-in-italy\/#primaryimage\"},\"thumbnailUrl\":\"https:\/\/www.tafabrasivi.com\/wp-content\/uploads\/2021\/03\/made-in-italy-banner@2x-scaled.jpg\",\"datePublished\":\"2021-03-19T11:31:30+00:00\",\"dateModified\":\"2021-11-29T13:11:16+00:00\",\"inLanguage\":\"fr-FR\",\"potentialAction\":[{\"@type\":\"ReadAction\",\"target\":[\"https:\/\/www.tafabrasivi.com\/fr\/qualite-et-made-in-italy\/\"]}]},{\"@type\":\"ImageObject\",\"inLanguage\":\"fr-FR\",\"@id\":\"https:\/\/www.tafabrasivi.com\/fr\/qualite-et-made-in-italy\/#primaryimage\",\"url\":\"https:\/\/www.tafabrasivi.com\/wp-content\/uploads\/2021\/03\/made-in-italy-banner@2x-scaled.jpg\",\"contentUrl\":\"https:\/\/www.tafabrasivi.com\/wp-content\/uploads\/2021\/03\/made-in-italy-banner@2x-scaled.jpg\",\"width\":2560,\"height\":628},{\"@type\":\"WebSite\",\"@id\":\"https:\/\/www.tafabrasivi.com\/fr\/#website\",\"url\":\"https:\/\/www.tafabrasivi.com\/fr\/\",\"name\":\"TAF abrasivi\",\"description\":\"\",\"publisher\":{\"@id\":\"https:\/\/www.tafabrasivi.com\/fr\/#organization\"},\"potentialAction\":[{\"@type\":\"SearchAction\",\"target\":{\"@type\":\"EntryPoint\",\"urlTemplate\":\"https:\/\/www.tafabrasivi.com\/fr\/?s={search_term_string}\"},\"query-input\":{\"@type\":\"PropertyValueSpecification\",\"valueRequired\":true,\"valueName\":\"search_term_string\"}}],\"inLanguage\":\"fr-FR\"},{\"@type\":\"Organization\",\"@id\":\"https:\/\/www.tafabrasivi.com\/fr\/#organization\",\"name\":\"TAF Abrasivi\",\"url\":\"https:\/\/www.tafabrasivi.com\/fr\/\",\"logo\":{\"@type\":\"ImageObject\",\"inLanguage\":\"fr-FR\",\"@id\":\"https:\/\/www.tafabrasivi.com\/fr\/#\/schema\/logo\/image\/\",\"url\":\"https:\/\/www.tafabrasivi.com\/wp-content\/uploads\/2021\/09\/2006.jpg\",\"contentUrl\":\"https:\/\/www.tafabrasivi.com\/wp-content\/uploads\/2021\/09\/2006.jpg\",\"width\":1710,\"height\":1080,\"caption\":\"TAF Abrasivi\"},\"image\":{\"@id\":\"https:\/\/www.tafabrasivi.com\/fr\/#\/schema\/logo\/image\/\"}}]}<\/script>\n<!-- \/ Yoast SEO plugin. -->","yoast_head_json":{"title":"Qualit\u00e9 et Made in Italy | TAF abrasivi","robots":{"index":"index","follow":"follow","max-snippet":"max-snippet:-1","max-image-preview":"max-image-preview:large","max-video-preview":"max-video-preview:-1"},"canonical":"https:\/\/www.tafabrasivi.com\/fr\/qualite-et-made-in-italy\/","og_locale":"fr_FR","og_type":"article","og_title":"Qualit\u00e9 et Made in Italy | TAF abrasivi","og_description":"R\u00e9alis\u00e9e dans son \u00e9tablissement de toujours situ\u00e9 \u00e0 Monza, et occupant une surface de 18 000 m\u00b2, la production comprend une riche gamme d\u2019abrasifs appliqu\u00e9s aux supports en toile, en papier ou en fibre vulcanis\u00e9e. Afin de garantir une qualit\u00e9 d\u2019excellence, toutes les mati\u00e8res premi\u00e8res servant aux diff\u00e9rentes phases de production font l\u2019objet, avant d\u2019\u00eatre...","og_url":"https:\/\/www.tafabrasivi.com\/fr\/qualite-et-made-in-italy\/","og_site_name":"TAF abrasivi","article_modified_time":"2021-11-29T13:11:16+00:00","og_image":[{"width":2560,"height":628,"url":"https:\/\/www.tafabrasivi.com\/wp-content\/uploads\/2021\/03\/made-in-italy-banner@2x-scaled.jpg","type":"image\/jpeg"}],"twitter_card":"summary_large_image","twitter_misc":{"Dur\u00e9e de lecture estim\u00e9e":"1 minute"},"schema":{"@context":"https:\/\/schema.org","@graph":[{"@type":"WebPage","@id":"https:\/\/www.tafabrasivi.com\/fr\/qualite-et-made-in-italy\/","url":"https:\/\/www.tafabrasivi.com\/fr\/qualite-et-made-in-italy\/","name":"Qualit\u00e9 et Made in Italy | TAF abrasivi","isPartOf":{"@id":"https:\/\/www.tafabrasivi.com\/fr\/#website"},"primaryImageOfPage":{"@id":"https:\/\/www.tafabrasivi.com\/fr\/qualite-et-made-in-italy\/#primaryimage"},"image":{"@id":"https:\/\/www.tafabrasivi.com\/fr\/qualite-et-made-in-italy\/#primaryimage"},"thumbnailUrl":"https:\/\/www.tafabrasivi.com\/wp-content\/uploads\/2021\/03\/made-in-italy-banner@2x-scaled.jpg","datePublished":"2021-03-19T11:31:30+00:00","dateModified":"2021-11-29T13:11:16+00:00","inLanguage":"fr-FR","potentialAction":[{"@type":"ReadAction","target":["https:\/\/www.tafabrasivi.com\/fr\/qualite-et-made-in-italy\/"]}]},{"@type":"ImageObject","inLanguage":"fr-FR","@id":"https:\/\/www.tafabrasivi.com\/fr\/qualite-et-made-in-italy\/#primaryimage","url":"https:\/\/www.tafabrasivi.com\/wp-content\/uploads\/2021\/03\/made-in-italy-banner@2x-scaled.jpg","contentUrl":"https:\/\/www.tafabrasivi.com\/wp-content\/uploads\/2021\/03\/made-in-italy-banner@2x-scaled.jpg","width":2560,"height":628},{"@type":"WebSite","@id":"https:\/\/www.tafabrasivi.com\/fr\/#website","url":"https:\/\/www.tafabrasivi.com\/fr\/","name":"TAF abrasivi","description":"","publisher":{"@id":"https:\/\/www.tafabrasivi.com\/fr\/#organization"},"potentialAction":[{"@type":"SearchAction","target":{"@type":"EntryPoint","urlTemplate":"https:\/\/www.tafabrasivi.com\/fr\/?s={search_term_string}"},"query-input":{"@type":"PropertyValueSpecification","valueRequired":true,"valueName":"search_term_string"}}],"inLanguage":"fr-FR"},{"@type":"Organization","@id":"https:\/\/www.tafabrasivi.com\/fr\/#organization","name":"TAF Abrasivi","url":"https:\/\/www.tafabrasivi.com\/fr\/","logo":{"@type":"ImageObject","inLanguage":"fr-FR","@id":"https:\/\/www.tafabrasivi.com\/fr\/#\/schema\/logo\/image\/","url":"https:\/\/www.tafabrasivi.com\/wp-content\/uploads\/2021\/09\/2006.jpg","contentUrl":"https:\/\/www.tafabrasivi.com\/wp-content\/uploads\/2021\/09\/2006.jpg","width":1710,"height":1080,"caption":"TAF Abrasivi"},"image":{"@id":"https:\/\/www.tafabrasivi.com\/fr\/#\/schema\/logo\/image\/"}}]}},"_links":{"self":[{"href":"https:\/\/www.tafabrasivi.com\/fr\/wp-json\/wp\/v2\/pages\/10079","targetHints":{"allow":["GET"]}}],"collection":[{"href":"https:\/\/www.tafabrasivi.com\/fr\/wp-json\/wp\/v2\/pages"}],"about":[{"href":"https:\/\/www.tafabrasivi.com\/fr\/wp-json\/wp\/v2\/types\/page"}],"author":[{"embeddable":true,"href":"https:\/\/www.tafabrasivi.com\/fr\/wp-json\/wp\/v2\/users\/1"}],"replies":[{"embeddable":true,"href":"https:\/\/www.tafabrasivi.com\/fr\/wp-json\/wp\/v2\/comments?post=10079"}],"version-history":[{"count":1,"href":"https:\/\/www.tafabrasivi.com\/fr\/wp-json\/wp\/v2\/pages\/10079\/revisions"}],"predecessor-version":[{"id":10081,"href":"https:\/\/www.tafabrasivi.com\/fr\/wp-json\/wp\/v2\/pages\/10079\/revisions\/10081"}],"wp:featuredmedia":[{"embeddable":true,"href":"https:\/\/www.tafabrasivi.com\/fr\/wp-json\/wp\/v2\/media\/167"}],"wp:attachment":[{"href":"https:\/\/www.tafabrasivi.com\/fr\/wp-json\/wp\/v2\/media?parent=10079"}],"curies":[{"name":"wp","href":"https:\/\/api.w.org\/{rel}","templated":true}]}}