{"id":10070,"date":"2021-04-16T07:32:03","date_gmt":"2021-04-16T07:32:03","guid":{"rendered":"https:\/\/www.tafabrasivi.com\/la-nostra-storia\/"},"modified":"2021-11-29T13:07:43","modified_gmt":"2021-11-29T13:07:43","slug":"notre-histoire","status":"publish","type":"page","link":"https:\/\/www.tafabrasivi.com\/fr\/notre-histoire\/","title":{"rendered":"Notre histoire"},"content":{"rendered":"\n<h3 class=\"wp-block-heading\"><strong>70 an<\/strong>s d&rsquo;exp\u00e9rience<\/h3>\n\n\n\n<div class=\"wp-block-columns is-layout-flex wp-container-core-columns-is-layout-9d6595d7 wp-block-columns-is-layout-flex\">\n<div class=\"wp-block-column is-layout-flow wp-block-column-is-layout-flow\">\n<p>La fin de la Seconde Guerre mondiale avait suscit\u00e9 une multitude d\u2019initiatives partout en Italie et en particulier dans la Brianza.<\/p>\n\n\n\n<p>Les activit\u00e9s industrielles les plus vari\u00e9es naissaient et se multipliaient, mettant en exergue les comp\u00e9tences, les efforts et l\u2019enthousiasme de tous ceux qui contribuaient, gr\u00e2ce \u00e0 leur travail, \u00e0 la reconstruction et au d\u00e9veloppement de l\u2019Italie. <\/p>\n\n\n\n<p>C\u2019est pr\u00e9cis\u00e9ment \u00e0 cette \u00e9poque que TAF ABRASIVI a vu le jour (le 23 octobre 1953). D\u00e8s sa cr\u00e9ation, cette entreprise italienne s\u2019est distingu\u00e9e par la haute qualit\u00e9 de ses produits et a r\u00e9ussi \u00e0 gagner, en tr\u00e8s peu de temps, une place toujours plus importante sur son march\u00e9. Forte de sa tradition familiale et gr\u00e2ce \u00e0 ses intuitions, \u00e0 ses investissements et \u00e0 ses comp\u00e9tences, la soci\u00e9t\u00e9 TAF ABRASIVI n\u2019a cess\u00e9 de cro\u00eetre et de se d\u00e9velopper jusqu\u2019\u00e0 \u00eatre reconnue aujourd\u2019hui comme  \u00ab\u00a0<em>le fabricant italien de r\u00e9f\u00e9rence<\/em>\u00a0\u00bb dans le monde des abrasifs.  <\/p>\n\n\n\n<p>TAF ABRASIVI fonde sa r\u00e9ussite sur plusieurs piliers: son talent en mati\u00e8re de <strong>recherche et de d\u00e9veloppement<\/strong> (qui lui a permis d\u2019inventer et d\u2019introduire sur le march\u00e9 de l\u2019\u00e9poque le disque \u00e0 lamelles, aujourd\u2019hui encore un outil incontournable et irrempla\u00e7able dans le travail des m\u00e9taux), <strong>l\u2019attention que l\u2019entreprise accorde au march\u00e9<\/strong> (en \u00e9laborant des produits innovants et en les adaptant aux besoins de l\u2019industrie et de l\u2019artisanat) et une <strong>am\u00e9lioration constante de sa structure organisationnelle<\/strong> afin de garantir un service toujours plus comp\u00e9tent et professionnel.<\/p>\n<\/div>\n\n\n\n<div class=\"wp-block-column is-layout-flow wp-block-column-is-layout-flow\">\n<p>R\u00e9alis\u00e9e \u00e0 Monza au sein d\u2019un \u00e9tablissement moderne de 18 000 m\u00b2, la production comprend une riche gamme d\u2019abrasifs flexibles aux supports en tissu, en papier ou en fibre vulcanis\u00e9e ainsi qu\u2019une ligne de disques de tron\u00e7onnage et d\u2019\u00e9barbage renforc\u00e9s \u00e0 liant r\u00e9sino\u00efde.<\/p>\n\n\n\n<p>Les abrasifs TAF font l\u2019objet de contr\u00f4les rigoureux afin d\u2019assurer une s\u00e9curit\u00e9 d\u2019utilisation maximale. Con\u00e7us principalement pour le travail des m\u00e9taux, ils sont aussi tr\u00e8s utilis\u00e9s dans le secteur du verre, du bois, des mati\u00e8res plastiques, du marbre et du cuir.<\/p>\n\n\n\n<p>TAF ABRASIVI s\u2019appuie depuis toujours sur un r\u00e9seau de vente dense et comp\u00e9tent qui garantit \u00e0 sa client\u00e8le, en Italie ainsi que dans le reste du monde, un service de conseils techniques\/commerciaux permettant un choix, une distribution et un usage des produits aussi adapt\u00e9s que possible aux besoins de chacun.<\/p>\n<\/div>\n<\/div>\n\n\n\n<p><\/p>\n","protected":false},"excerpt":{"rendered":"<p>70 ans d&rsquo;exp\u00e9rience La fin de la Seconde Guerre mondiale avait suscit\u00e9 une multitude d\u2019initiatives partout en Italie et en particulier dans la Brianza. Les activit\u00e9s industrielles les plus vari\u00e9es naissaient et se multipliaient, mettant en exergue les comp\u00e9tences, les efforts et l\u2019enthousiasme de tous ceux qui contribuaient, gr\u00e2ce \u00e0 leur travail, \u00e0 la reconstruction&#8230;<\/p>\n","protected":false},"author":1,"featured_media":1959,"parent":0,"menu_order":0,"comment_status":"closed","ping_status":"closed","template":"page-templates\/story.php","meta":{"footnotes":""},"class_list":["post-10070","page","type-page","status-publish","has-post-thumbnail","hentry"],"yoast_head":"<!-- This site is optimized with the Yoast SEO plugin v26.1.1 - https:\/\/yoast.com\/wordpress\/plugins\/seo\/ -->\n<title>Notre histoire | TAF abrasivi<\/title>\n<meta name=\"robots\" content=\"index, follow, max-snippet:-1, max-image-preview:large, max-video-preview:-1\" \/>\n<link rel=\"canonical\" href=\"https:\/\/www.tafabrasivi.com\/fr\/notre-histoire\/\" \/>\n<meta property=\"og:locale\" content=\"fr_FR\" \/>\n<meta property=\"og:type\" content=\"article\" \/>\n<meta property=\"og:title\" content=\"Notre histoire | TAF abrasivi\" \/>\n<meta property=\"og:description\" content=\"70 ans d&rsquo;exp\u00e9rience La fin de la Seconde Guerre mondiale avait suscit\u00e9 une multitude d\u2019initiatives partout en Italie et en particulier dans la Brianza. Les activit\u00e9s industrielles les plus vari\u00e9es naissaient et se multipliaient, mettant en exergue les comp\u00e9tences, les efforts et l\u2019enthousiasme de tous ceux qui contribuaient, gr\u00e2ce \u00e0 leur travail, \u00e0 la reconstruction...\" \/>\n<meta property=\"og:url\" content=\"https:\/\/www.tafabrasivi.com\/fr\/notre-histoire\/\" \/>\n<meta property=\"og:site_name\" content=\"TAF abrasivi\" \/>\n<meta property=\"article:modified_time\" content=\"2021-11-29T13:07:43+00:00\" \/>\n<meta property=\"og:image\" content=\"https:\/\/www.tafabrasivi.com\/wp-content\/uploads\/2021\/06\/la-nostra-storia.jpg\" \/>\n\t<meta property=\"og:image:width\" content=\"2560\" \/>\n\t<meta property=\"og:image:height\" content=\"629\" \/>\n\t<meta property=\"og:image:type\" content=\"image\/jpeg\" \/>\n<meta name=\"twitter:card\" content=\"summary_large_image\" \/>\n<meta name=\"twitter:label1\" content=\"Dur\u00e9e de lecture estim\u00e9e\" \/>\n\t<meta name=\"twitter:data1\" content=\"2 minutes\" \/>\n<script type=\"application\/ld+json\" class=\"yoast-schema-graph\">{\"@context\":\"https:\/\/schema.org\",\"@graph\":[{\"@type\":\"WebPage\",\"@id\":\"https:\/\/www.tafabrasivi.com\/fr\/notre-histoire\/\",\"url\":\"https:\/\/www.tafabrasivi.com\/fr\/notre-histoire\/\",\"name\":\"Notre histoire | TAF abrasivi\",\"isPartOf\":{\"@id\":\"https:\/\/www.tafabrasivi.com\/fr\/#website\"},\"primaryImageOfPage\":{\"@id\":\"https:\/\/www.tafabrasivi.com\/fr\/notre-histoire\/#primaryimage\"},\"image\":{\"@id\":\"https:\/\/www.tafabrasivi.com\/fr\/notre-histoire\/#primaryimage\"},\"thumbnailUrl\":\"https:\/\/www.tafabrasivi.com\/wp-content\/uploads\/2021\/06\/la-nostra-storia.jpg\",\"datePublished\":\"2021-04-16T07:32:03+00:00\",\"dateModified\":\"2021-11-29T13:07:43+00:00\",\"inLanguage\":\"fr-FR\",\"potentialAction\":[{\"@type\":\"ReadAction\",\"target\":[\"https:\/\/www.tafabrasivi.com\/fr\/notre-histoire\/\"]}]},{\"@type\":\"ImageObject\",\"inLanguage\":\"fr-FR\",\"@id\":\"https:\/\/www.tafabrasivi.com\/fr\/notre-histoire\/#primaryimage\",\"url\":\"https:\/\/www.tafabrasivi.com\/wp-content\/uploads\/2021\/06\/la-nostra-storia.jpg\",\"contentUrl\":\"https:\/\/www.tafabrasivi.com\/wp-content\/uploads\/2021\/06\/la-nostra-storia.jpg\",\"width\":2560,\"height\":629},{\"@type\":\"WebSite\",\"@id\":\"https:\/\/www.tafabrasivi.com\/fr\/#website\",\"url\":\"https:\/\/www.tafabrasivi.com\/fr\/\",\"name\":\"TAF abrasivi\",\"description\":\"\",\"publisher\":{\"@id\":\"https:\/\/www.tafabrasivi.com\/fr\/#organization\"},\"potentialAction\":[{\"@type\":\"SearchAction\",\"target\":{\"@type\":\"EntryPoint\",\"urlTemplate\":\"https:\/\/www.tafabrasivi.com\/fr\/?s={search_term_string}\"},\"query-input\":{\"@type\":\"PropertyValueSpecification\",\"valueRequired\":true,\"valueName\":\"search_term_string\"}}],\"inLanguage\":\"fr-FR\"},{\"@type\":\"Organization\",\"@id\":\"https:\/\/www.tafabrasivi.com\/fr\/#organization\",\"name\":\"TAF Abrasivi\",\"url\":\"https:\/\/www.tafabrasivi.com\/fr\/\",\"logo\":{\"@type\":\"ImageObject\",\"inLanguage\":\"fr-FR\",\"@id\":\"https:\/\/www.tafabrasivi.com\/fr\/#\/schema\/logo\/image\/\",\"url\":\"https:\/\/www.tafabrasivi.com\/wp-content\/uploads\/2021\/09\/2006.jpg\",\"contentUrl\":\"https:\/\/www.tafabrasivi.com\/wp-content\/uploads\/2021\/09\/2006.jpg\",\"width\":1710,\"height\":1080,\"caption\":\"TAF Abrasivi\"},\"image\":{\"@id\":\"https:\/\/www.tafabrasivi.com\/fr\/#\/schema\/logo\/image\/\"}}]}<\/script>\n<!-- \/ Yoast SEO plugin. -->","yoast_head_json":{"title":"Notre histoire | TAF abrasivi","robots":{"index":"index","follow":"follow","max-snippet":"max-snippet:-1","max-image-preview":"max-image-preview:large","max-video-preview":"max-video-preview:-1"},"canonical":"https:\/\/www.tafabrasivi.com\/fr\/notre-histoire\/","og_locale":"fr_FR","og_type":"article","og_title":"Notre histoire | TAF abrasivi","og_description":"70 ans d&rsquo;exp\u00e9rience La fin de la Seconde Guerre mondiale avait suscit\u00e9 une multitude d\u2019initiatives partout en Italie et en particulier dans la Brianza. Les activit\u00e9s industrielles les plus vari\u00e9es naissaient et se multipliaient, mettant en exergue les comp\u00e9tences, les efforts et l\u2019enthousiasme de tous ceux qui contribuaient, gr\u00e2ce \u00e0 leur travail, \u00e0 la reconstruction...","og_url":"https:\/\/www.tafabrasivi.com\/fr\/notre-histoire\/","og_site_name":"TAF abrasivi","article_modified_time":"2021-11-29T13:07:43+00:00","og_image":[{"width":2560,"height":629,"url":"https:\/\/www.tafabrasivi.com\/wp-content\/uploads\/2021\/06\/la-nostra-storia.jpg","type":"image\/jpeg"}],"twitter_card":"summary_large_image","twitter_misc":{"Dur\u00e9e de lecture estim\u00e9e":"2 minutes"},"schema":{"@context":"https:\/\/schema.org","@graph":[{"@type":"WebPage","@id":"https:\/\/www.tafabrasivi.com\/fr\/notre-histoire\/","url":"https:\/\/www.tafabrasivi.com\/fr\/notre-histoire\/","name":"Notre histoire | TAF abrasivi","isPartOf":{"@id":"https:\/\/www.tafabrasivi.com\/fr\/#website"},"primaryImageOfPage":{"@id":"https:\/\/www.tafabrasivi.com\/fr\/notre-histoire\/#primaryimage"},"image":{"@id":"https:\/\/www.tafabrasivi.com\/fr\/notre-histoire\/#primaryimage"},"thumbnailUrl":"https:\/\/www.tafabrasivi.com\/wp-content\/uploads\/2021\/06\/la-nostra-storia.jpg","datePublished":"2021-04-16T07:32:03+00:00","dateModified":"2021-11-29T13:07:43+00:00","inLanguage":"fr-FR","potentialAction":[{"@type":"ReadAction","target":["https:\/\/www.tafabrasivi.com\/fr\/notre-histoire\/"]}]},{"@type":"ImageObject","inLanguage":"fr-FR","@id":"https:\/\/www.tafabrasivi.com\/fr\/notre-histoire\/#primaryimage","url":"https:\/\/www.tafabrasivi.com\/wp-content\/uploads\/2021\/06\/la-nostra-storia.jpg","contentUrl":"https:\/\/www.tafabrasivi.com\/wp-content\/uploads\/2021\/06\/la-nostra-storia.jpg","width":2560,"height":629},{"@type":"WebSite","@id":"https:\/\/www.tafabrasivi.com\/fr\/#website","url":"https:\/\/www.tafabrasivi.com\/fr\/","name":"TAF abrasivi","description":"","publisher":{"@id":"https:\/\/www.tafabrasivi.com\/fr\/#organization"},"potentialAction":[{"@type":"SearchAction","target":{"@type":"EntryPoint","urlTemplate":"https:\/\/www.tafabrasivi.com\/fr\/?s={search_term_string}"},"query-input":{"@type":"PropertyValueSpecification","valueRequired":true,"valueName":"search_term_string"}}],"inLanguage":"fr-FR"},{"@type":"Organization","@id":"https:\/\/www.tafabrasivi.com\/fr\/#organization","name":"TAF Abrasivi","url":"https:\/\/www.tafabrasivi.com\/fr\/","logo":{"@type":"ImageObject","inLanguage":"fr-FR","@id":"https:\/\/www.tafabrasivi.com\/fr\/#\/schema\/logo\/image\/","url":"https:\/\/www.tafabrasivi.com\/wp-content\/uploads\/2021\/09\/2006.jpg","contentUrl":"https:\/\/www.tafabrasivi.com\/wp-content\/uploads\/2021\/09\/2006.jpg","width":1710,"height":1080,"caption":"TAF Abrasivi"},"image":{"@id":"https:\/\/www.tafabrasivi.com\/fr\/#\/schema\/logo\/image\/"}}]}},"_links":{"self":[{"href":"https:\/\/www.tafabrasivi.com\/fr\/wp-json\/wp\/v2\/pages\/10070","targetHints":{"allow":["GET"]}}],"collection":[{"href":"https:\/\/www.tafabrasivi.com\/fr\/wp-json\/wp\/v2\/pages"}],"about":[{"href":"https:\/\/www.tafabrasivi.com\/fr\/wp-json\/wp\/v2\/types\/page"}],"author":[{"embeddable":true,"href":"https:\/\/www.tafabrasivi.com\/fr\/wp-json\/wp\/v2\/users\/1"}],"replies":[{"embeddable":true,"href":"https:\/\/www.tafabrasivi.com\/fr\/wp-json\/wp\/v2\/comments?post=10070"}],"version-history":[{"count":3,"href":"https:\/\/www.tafabrasivi.com\/fr\/wp-json\/wp\/v2\/pages\/10070\/revisions"}],"predecessor-version":[{"id":10074,"href":"https:\/\/www.tafabrasivi.com\/fr\/wp-json\/wp\/v2\/pages\/10070\/revisions\/10074"}],"wp:featuredmedia":[{"embeddable":true,"href":"https:\/\/www.tafabrasivi.com\/fr\/wp-json\/wp\/v2\/media\/1959"}],"wp:attachment":[{"href":"https:\/\/www.tafabrasivi.com\/fr\/wp-json\/wp\/v2\/media?parent=10070"}],"curies":[{"name":"wp","href":"https:\/\/api.w.org\/{rel}","templated":true}]}}