{"id":10056,"date":"2021-02-19T10:39:11","date_gmt":"2021-02-19T10:39:11","guid":{"rendered":"https:\/\/www.tafabrasivi.com\/homepage\/"},"modified":"2022-03-01T14:22:33","modified_gmt":"2022-03-01T14:22:33","slug":"homepage","status":"publish","type":"page","link":"https:\/\/www.tafabrasivi.com\/fr\/","title":{"rendered":"Homepage"},"content":{"rendered":"\n<section class=\"herobanner\">\n\t\t\t<div class=\"herobanner__item\"style=\"background-image: url(https:\/\/www.tafabrasivi.com\/wp-content\/uploads\/2021\/03\/taf-hp-slide-1@2x-scaled.jpg)\">\n\t\t\t<div class=\"container\">\n\t\t\t\t<div class=\"row\">\n\t\t\t\t\t<div class=\"col-md-4\">\n\t\t\t\t\t\t\t\t\t\t\t\t\t<h1>Qualit\u00e9 et innovation depuis 1953<\/h1>\n\t\t\t\t\t\t\t\t\t\t\t\t\t\t\t\t\t\t\t\t\t\t\t<\/div>\n\t\t\t\t<\/div>\n\t\t\t<\/div>\n\t\t<\/div>\n\t\t\t<div class=\"herobanner__item\"style=\"background-image: url(https:\/\/www.tafabrasivi.com\/wp-content\/uploads\/2021\/07\/Taf-Abrasivi-2-scaled.jpg)\">\n\t\t\t<div class=\"container\">\n\t\t\t\t<div class=\"row\">\n\t\t\t\t\t<div class=\"col-md-4\">\n\t\t\t\t\t\t\t\t\t\t\t\t\t<h1>Qualit\u00e9 et innovation depuis 1953<\/h1>\n\t\t\t\t\t\t\t\t\t\t\t\t\t\t\t\t\t\t\t\t\t\t\t<\/div>\n\t\t\t\t<\/div>\n\t\t\t<\/div>\n\t\t<\/div>\n\t\t\t<div class=\"herobanner__item\"style=\"background-image: url(https:\/\/www.tafabrasivi.com\/wp-content\/uploads\/2021\/07\/Taf-Abrasivi-3-scaled.jpg)\">\n\t\t\t<div class=\"container\">\n\t\t\t\t<div class=\"row\">\n\t\t\t\t\t<div class=\"col-md-4\">\n\t\t\t\t\t\t\t\t\t\t\t\t\t<h1>Qualit\u00e9 et innovation depuis 1953<\/h1>\n\t\t\t\t\t\t\t\t\t\t\t\t\t\t\t\t\t\t\t\t\t\t\t<\/div>\n\t\t\t\t<\/div>\n\t\t\t<\/div>\n\t\t<\/div>\n\t\t\t<div class=\"herobanner__item\"style=\"background-image: url(https:\/\/www.tafabrasivi.com\/wp-content\/uploads\/2021\/07\/Taf-Abrasivi-1-scaled.jpg)\">\n\t\t\t<div class=\"container\">\n\t\t\t\t<div class=\"row\">\n\t\t\t\t\t<div class=\"col-md-4\">\n\t\t\t\t\t\t\t\t\t\t\t\t\t<h1>Qualit\u00e9 et innovation depuis 1953<\/h1>\n\t\t\t\t\t\t\t\t\t\t\t\t\t\t\t\t\t\t\t\t\t\t\t<\/div>\n\t\t\t\t<\/div>\n\t\t\t<\/div>\n\t\t<\/div>\n\t<\/section>\n\n\n<section class=\"company\">\n\t<div class=\"container\">\n\t\t<div class=\"row\">\n\t\t\t\t\t\t\t<div class=\"col-md-3\">\n\t\t\t\t\t<div class=\"company__item text-center\">\n\t\t\t\t\t\t<figure><img decoding=\"async\" src=\"https:\/\/www.tafabrasivi.com\/wp-content\/uploads\/2021\/03\/1-icon@2x.png\"><\/figure>\n\t\t\t\t\t\t<h3>Premiers fabricants au monde de disques \u00e0 lamelles<\/h3>\n\t\t\t\t\t\t<p>Une gamme compl\u00e8te pour r\u00e9pondre \u00e0 tous les besoins professionnels<\/p>\n\t\t\t\t\t<\/div>\n\t\t\t\t<\/div>\t\t\n\t\t\t\t\t\t\t<div class=\"col-md-3\">\n\t\t\t\t\t<div class=\"company__item text-center\">\n\t\t\t\t\t\t<figure><img decoding=\"async\" src=\"https:\/\/www.tafabrasivi.com\/wp-content\/uploads\/2021\/08\/esperienza-icon@2x.png\"><\/figure>\n\t\t\t\t\t\t<h3>70 ans d\u2019exp\u00e9rience<\/h3>\n\t\t\t\t\t\t<p>Comp\u00e9tence et professionnalisme<\/p>\n\t\t\t\t\t<\/div>\n\t\t\t\t<\/div>\t\t\n\t\t\t\t\t\t\t<div class=\"col-md-3\">\n\t\t\t\t\t<div class=\"company__item text-center\">\n\t\t\t\t\t\t<figure><img decoding=\"async\" src=\"https:\/\/www.tafabrasivi.com\/wp-content\/uploads\/2021\/08\/ciclo-produttivo-icon@2x.png\"><\/figure>\n\t\t\t\t\t\t<h3>Nous suivons l\u2019int\u00e9gralit\u00e9 du cycle de production<\/h3>\n\t\t\t\t\t\t<p>Des mati\u00e8res premi\u00e8res \r\naux produits finis<\/p>\n\t\t\t\t\t<\/div>\n\t\t\t\t<\/div>\t\t\n\t\t\t\t\t\t\t<div class=\"col-md-3\">\n\t\t\t\t\t<div class=\"company__item text-center\">\n\t\t\t\t\t\t<figure><img decoding=\"async\" src=\"https:\/\/www.tafabrasivi.com\/wp-content\/uploads\/2021\/03\/made-in-italy-icon@2x.png\"><\/figure>\n\t\t\t\t\t\t<h3>Made in Italy<\/h3>\n\t\t\t\t\t\t<p>Un gage de qualit\u00e9<\/p>\n\t\t\t\t\t<\/div>\n\t\t\t\t<\/div>\t\t\n\t\t\t\t\t<\/div>\n\t<\/div>\n<\/section>\n\n\n<section class=\"familyintro\">\n\t<div class=\"container\">\n\t\t<div class=\"row imgtext\">\n\t\t\t\t<div class=\"col-12\">\n\t\t\t\t\t<h2 class=\"familyintro__title text-center\">Entreprise leader dans la production d\u2019abrasifs<\/h2>\n\t\t\t\t\t<p class=\"familyintro__intro text-center\">Afin de garantir une qualit\u00e9 maximale, nous suivons l\u2019int\u00e9gralit\u00e9 du cycle de production, des mati\u00e8res premi\u00e8res aux produits finis.<\/p>\n\t\t\t\t<\/div>\n\t\t\t\t<div class=\"col-md-6\">\n\t\t\t\t\t<figure class=\"familyintro__image\"><img decoding=\"async\" src=\"\"><\/figure>\n\t\t\t\t<\/div>\n\t\t\t\t<div class=\"col-md-4 offset-md-2\">\n\t\t\t\t\t<h2 class=\"familyintro__subtitle\">Une large gamme de produits abrasifs<\/h2>\n\t\t\t\t\t<p class=\"familyintro__text\">Une r\u00e9ponse de qualit\u00e9 \u00e0 tous les besoins professionnels<\/p>\n\t\t\t\t\t<a href=\"https:\/\/www.tafabrasivi.com\/fr\/catalogue-complet\/\" class=\"bnt\">Apprendre encore plus<\/a>\n\t\t\t\t<\/div>\t\t\n\t\t<\/div>\n\t<\/div>\n<\/section>\n\n<section class=\"newsletter\">\n\t<div class=\"container\">\n\t\t<div class=\"row\">\n\t\t\t<div class=\"col-md-8\">\n\t\t\t\t<h2 class=\"newsletter__title\">Vous souhaitez \u00eatre inform\u00e9 des actualit\u00e9s des produits TAF?<\/h2>\n\t\t\t\t<p class=\"newsletter__text\">Abonnez-vous \u00e0 notre NEWSLETTER : il vous suffit d\u2019indiquer votre adresse e-mail pour recevoir les actualit\u00e9s et les nouveaut\u00e9s du monde TAF ABRASIVI.<\/p>\n\t\t\t<\/div>\n\t\t\t<div class=\"col-md-4\">\n\t\t\t\t<a href=\"\/fr\/contatti\" class=\"bnt\">S\u2019abboner<\/a>\n\t\t\t<\/div>\n\t\t<\/div>\n\t<\/div>\n<\/section>\n\n\n<section class=\"last-news\">\n\t<div class=\"container\">\n\t\t<div class=\"row imgtext\">\n\t\t<div class=\"col-6\">\n\t\t\t<h4 class=\"last-news__title\">News<\/h4>\n\t\t<\/div>\n\t\t<div class=\"col-6\">\n\t\t\t<p class=\"last-news__all\"><a href=\"\/fr\/news\">Voir tout\n<\/a><\/p>\n\t\t<\/div>\n\t\t\t\t\t\t\t\t\t<div class=\"col-md-6\">\n\t\t\t\t\t<div class=\"news-content\">\n                        <h2 class=\"news-content__title-home\">La r\u00e9volution Zirco-C\u00e9ramique continue&#8230;<\/h4>\n                        <p class=\"news-content__text\">Cliquez pour t\u00e9l\u00e9charger le catalogue TrimTAF<\/p>\n\t\t\t\t\t\t<a class=\"bnt\" href=\"https:\/\/www.tafabrasivi.com\/fr\/la-revolution-zirco-ceramique-continue\/\">Apprendre encore plus<\/a>\n                    <\/div>\n\t\t\t\t<\/div>\t\n\t\t\t\t<div class=\"col-md-6\">\n\t\t\t\t<figure class=\"last-news__image\"><img decoding=\"async\" src=\"https:\/\/www.tafabrasivi.com\/wp-content\/uploads\/2021\/11\/Alu-Taf.jpg\"><\/figure>\n\t\t\t\t<\/div>\t\n\t\t\t\t\t\t\t\t<\/div>\n\t<\/div>\n<\/section>","protected":false},"excerpt":{"rendered":"","protected":false},"author":1,"featured_media":0,"parent":0,"menu_order":0,"comment_status":"closed","ping_status":"closed","template":"","meta":{"footnotes":""},"class_list":["post-10056","page","type-page","status-publish","hentry"],"yoast_head":"<!-- This site is optimized with the Yoast SEO plugin v26.1.1 - https:\/\/yoast.com\/wordpress\/plugins\/seo\/ -->\n<title>Entreprise leader dans la production d\u2019abrasifs | TAF<\/title>\n<meta name=\"description\" content=\"Afin de garantir une qualit\u00e9 maximale, nous suivons l\u2019int\u00e9gralit\u00e9 du cycle de production, des mati\u00e8res premi\u00e8res aux produits finis.\" \/>\n<meta name=\"robots\" content=\"index, follow, max-snippet:-1, max-image-preview:large, max-video-preview:-1\" \/>\n<link rel=\"canonical\" href=\"https:\/\/www.tafabrasivi.com\/fr\/\" \/>\n<meta property=\"og:locale\" content=\"fr_FR\" \/>\n<meta property=\"og:type\" content=\"article\" \/>\n<meta property=\"og:title\" content=\"Entreprise leader dans la production d\u2019abrasifs | TAF\" \/>\n<meta property=\"og:description\" content=\"Afin de garantir une qualit\u00e9 maximale, nous suivons l\u2019int\u00e9gralit\u00e9 du cycle de production, des mati\u00e8res premi\u00e8res aux produits finis.\" \/>\n<meta property=\"og:url\" content=\"https:\/\/www.tafabrasivi.com\/fr\/\" \/>\n<meta property=\"og:site_name\" content=\"TAF abrasivi\" \/>\n<meta property=\"article:modified_time\" content=\"2022-03-01T14:22:33+00:00\" \/>\n<meta name=\"twitter:card\" content=\"summary_large_image\" \/>\n<script type=\"application\/ld+json\" class=\"yoast-schema-graph\">{\"@context\":\"https:\/\/schema.org\",\"@graph\":[{\"@type\":\"WebPage\",\"@id\":\"https:\/\/www.tafabrasivi.com\/fr\/\",\"url\":\"https:\/\/www.tafabrasivi.com\/fr\/\",\"name\":\"Entreprise leader dans la production d\u2019abrasifs | TAF\",\"isPartOf\":{\"@id\":\"https:\/\/www.tafabrasivi.com\/fr\/#website\"},\"datePublished\":\"2021-02-19T10:39:11+00:00\",\"dateModified\":\"2022-03-01T14:22:33+00:00\",\"description\":\"Afin de garantir une qualit\u00e9 maximale, nous suivons l\u2019int\u00e9gralit\u00e9 du cycle de production, des mati\u00e8res premi\u00e8res aux produits finis.\",\"inLanguage\":\"fr-FR\",\"potentialAction\":[{\"@type\":\"ReadAction\",\"target\":[\"https:\/\/www.tafabrasivi.com\/fr\/\"]}]},{\"@type\":\"WebSite\",\"@id\":\"https:\/\/www.tafabrasivi.com\/fr\/#website\",\"url\":\"https:\/\/www.tafabrasivi.com\/fr\/\",\"name\":\"TAF abrasivi\",\"description\":\"\",\"publisher\":{\"@id\":\"https:\/\/www.tafabrasivi.com\/fr\/#organization\"},\"potentialAction\":[{\"@type\":\"SearchAction\",\"target\":{\"@type\":\"EntryPoint\",\"urlTemplate\":\"https:\/\/www.tafabrasivi.com\/fr\/?s={search_term_string}\"},\"query-input\":{\"@type\":\"PropertyValueSpecification\",\"valueRequired\":true,\"valueName\":\"search_term_string\"}}],\"inLanguage\":\"fr-FR\"},{\"@type\":\"Organization\",\"@id\":\"https:\/\/www.tafabrasivi.com\/fr\/#organization\",\"name\":\"TAF Abrasivi\",\"url\":\"https:\/\/www.tafabrasivi.com\/fr\/\",\"logo\":{\"@type\":\"ImageObject\",\"inLanguage\":\"fr-FR\",\"@id\":\"https:\/\/www.tafabrasivi.com\/fr\/#\/schema\/logo\/image\/\",\"url\":\"https:\/\/www.tafabrasivi.com\/wp-content\/uploads\/2021\/09\/2006.jpg\",\"contentUrl\":\"https:\/\/www.tafabrasivi.com\/wp-content\/uploads\/2021\/09\/2006.jpg\",\"width\":1710,\"height\":1080,\"caption\":\"TAF Abrasivi\"},\"image\":{\"@id\":\"https:\/\/www.tafabrasivi.com\/fr\/#\/schema\/logo\/image\/\"}}]}<\/script>\n<!-- \/ Yoast SEO plugin. -->","yoast_head_json":{"title":"Entreprise leader dans la production d\u2019abrasifs | TAF","description":"Afin de garantir une qualit\u00e9 maximale, nous suivons l\u2019int\u00e9gralit\u00e9 du cycle de production, des mati\u00e8res premi\u00e8res aux produits finis.","robots":{"index":"index","follow":"follow","max-snippet":"max-snippet:-1","max-image-preview":"max-image-preview:large","max-video-preview":"max-video-preview:-1"},"canonical":"https:\/\/www.tafabrasivi.com\/fr\/","og_locale":"fr_FR","og_type":"article","og_title":"Entreprise leader dans la production d\u2019abrasifs | TAF","og_description":"Afin de garantir une qualit\u00e9 maximale, nous suivons l\u2019int\u00e9gralit\u00e9 du cycle de production, des mati\u00e8res premi\u00e8res aux produits finis.","og_url":"https:\/\/www.tafabrasivi.com\/fr\/","og_site_name":"TAF abrasivi","article_modified_time":"2022-03-01T14:22:33+00:00","twitter_card":"summary_large_image","schema":{"@context":"https:\/\/schema.org","@graph":[{"@type":"WebPage","@id":"https:\/\/www.tafabrasivi.com\/fr\/","url":"https:\/\/www.tafabrasivi.com\/fr\/","name":"Entreprise leader dans la production d\u2019abrasifs | TAF","isPartOf":{"@id":"https:\/\/www.tafabrasivi.com\/fr\/#website"},"datePublished":"2021-02-19T10:39:11+00:00","dateModified":"2022-03-01T14:22:33+00:00","description":"Afin de garantir une qualit\u00e9 maximale, nous suivons l\u2019int\u00e9gralit\u00e9 du cycle de production, des mati\u00e8res premi\u00e8res aux produits finis.","inLanguage":"fr-FR","potentialAction":[{"@type":"ReadAction","target":["https:\/\/www.tafabrasivi.com\/fr\/"]}]},{"@type":"WebSite","@id":"https:\/\/www.tafabrasivi.com\/fr\/#website","url":"https:\/\/www.tafabrasivi.com\/fr\/","name":"TAF abrasivi","description":"","publisher":{"@id":"https:\/\/www.tafabrasivi.com\/fr\/#organization"},"potentialAction":[{"@type":"SearchAction","target":{"@type":"EntryPoint","urlTemplate":"https:\/\/www.tafabrasivi.com\/fr\/?s={search_term_string}"},"query-input":{"@type":"PropertyValueSpecification","valueRequired":true,"valueName":"search_term_string"}}],"inLanguage":"fr-FR"},{"@type":"Organization","@id":"https:\/\/www.tafabrasivi.com\/fr\/#organization","name":"TAF Abrasivi","url":"https:\/\/www.tafabrasivi.com\/fr\/","logo":{"@type":"ImageObject","inLanguage":"fr-FR","@id":"https:\/\/www.tafabrasivi.com\/fr\/#\/schema\/logo\/image\/","url":"https:\/\/www.tafabrasivi.com\/wp-content\/uploads\/2021\/09\/2006.jpg","contentUrl":"https:\/\/www.tafabrasivi.com\/wp-content\/uploads\/2021\/09\/2006.jpg","width":1710,"height":1080,"caption":"TAF Abrasivi"},"image":{"@id":"https:\/\/www.tafabrasivi.com\/fr\/#\/schema\/logo\/image\/"}}]}},"_links":{"self":[{"href":"https:\/\/www.tafabrasivi.com\/fr\/wp-json\/wp\/v2\/pages\/10056","targetHints":{"allow":["GET"]}}],"collection":[{"href":"https:\/\/www.tafabrasivi.com\/fr\/wp-json\/wp\/v2\/pages"}],"about":[{"href":"https:\/\/www.tafabrasivi.com\/fr\/wp-json\/wp\/v2\/types\/page"}],"author":[{"embeddable":true,"href":"https:\/\/www.tafabrasivi.com\/fr\/wp-json\/wp\/v2\/users\/1"}],"replies":[{"embeddable":true,"href":"https:\/\/www.tafabrasivi.com\/fr\/wp-json\/wp\/v2\/comments?post=10056"}],"version-history":[{"count":2,"href":"https:\/\/www.tafabrasivi.com\/fr\/wp-json\/wp\/v2\/pages\/10056\/revisions"}],"predecessor-version":[{"id":10059,"href":"https:\/\/www.tafabrasivi.com\/fr\/wp-json\/wp\/v2\/pages\/10056\/revisions\/10059"}],"wp:attachment":[{"href":"https:\/\/www.tafabrasivi.com\/fr\/wp-json\/wp\/v2\/media?parent=10056"}],"curies":[{"name":"wp","href":"https:\/\/api.w.org\/{rel}","templated":true}]}}