{"id":11812,"date":"2026-04-02T10:11:59","date_gmt":"2026-04-02T10:11:59","guid":{"rendered":"https:\/\/www.tafabrasivi.com\/?page_id=11812"},"modified":"2026-04-02T10:12:01","modified_gmt":"2026-04-02T10:12:01","slug":"politica-de-calidad-taf-abrasivi","status":"publish","type":"page","link":"https:\/\/www.tafabrasivi.com\/es\/politica-de-calidad-taf-abrasivi\/","title":{"rendered":"Pol\u00edtica de Calidad TAF Abrasivi"},"content":{"rendered":"<ol>\n<li><strong> Visi\u00f3n y Misi\u00f3n: Excelencia en Evoluci\u00f3n<\/strong><\/li>\n<\/ol>\n<p>TAF ABRASIVI persigue la excelencia combinando una consolidada vocaci\u00f3n comercial con la innovaci\u00f3n tecnol\u00f3gica. Nuestra misi\u00f3n es crear valor a trav\u00e9s de un crecimiento sostenible, garantizando soluciones de alta calidad y un servicio a medida capaz de anticipar los desaf\u00edos del mercado global.<\/p>\n<ol start=\"2\">\n<li><strong>Nuestros Pilares Estrat\u00e9gicos<\/strong><\/li>\n<\/ol>\n<ul>\n<li><strong>Servicio Global Integrado:<\/strong>Ofrecemos una gama completa de productos en stock y personalizados, junto con una distribuci\u00f3n capilar en Italia y en el extranjero, respaldados por un asesoramiento t\u00e9cnico especializado.<\/li>\n<li><strong>\u00c9tica y Responsabilidad:<\/strong>\u00a0Operamos con integridad hacia empleados, socios comerciales y la comunidad. Integramos la sostenibilidad ambiental en cada proceso, promoviendo un desarrollo respetuoso con el entorno.<\/li>\n<li><strong>Enfoque al Cliente:<\/strong>Construimos relaciones basadas en la escucha, la transparencia y la fiabilidad, transformando las necesidades de nuestros socios comerciales en soluciones competitivas.<\/li>\n<\/ul>\n<ol start=\"3\">\n<li><strong>Valores y Cultura Empresarial<\/strong><\/li>\n<\/ol>\n<p>La calidad nace de las personas. Desde hace<strong>casi 75<\/strong>a\u00f1os, promovemos una cultura basada en:<\/p>\n<ul>\n<li><strong>Profesionalidad y Lealtad:<\/strong>Valoramos el sentido de pertenencia, la seguridad y el desarrollo profesional de cada colaborador.<\/li>\n<li><strong>Responsabilidad Compartida:<\/strong>Cada miembro del equipo es protagonista del Sistema de Calidad, trabajando para prevenir no conformidades y garantizar procesos fluidos y controlados.<\/li>\n<\/ul>\n<ol start=\"4\">\n<li><strong>Est\u00e1ndares y Mejora Continua<\/strong><\/li>\n<\/ol>\n<p>Nuestro Sistema de Gesti\u00f3n, certificado conforme a la norma <strong>ISO 9001 (UNI EN ISO 9001) <\/strong>garantiza el estricto cumplimiento de los requisitos normativos y contractuales. La Direcci\u00f3n se compromete a:<\/p>\n<ul>\n<li>Planificar objetivos anuales <strong> medibles y realistas. <\/strong><\/li>\n<li>Supervisar de forma continua la retroalimentaci\u00f3n y el desempe\u00f1o para implementar soluciones oportunas.<\/li>\n<li>Asignar los recursos adecuados para impulsar la <strong> mejora continua <\/strong> de productos y procesos.<\/li>\n<\/ul>\n<div class=\"Y3BBE\" data-sfc-cp=\"\" data-sfc-root=\"c\" data-sfc-cb=\"\" data-hveid=\"CAEICxAA\" data-complete=\"true\" data-processed=\"true\">Esta Pol\u00edtica es comunicada y compartida en todos los niveles de la organizaci\u00f3n, a fin de que cada acci\u00f3n diaria sea coherente con la excelencia que TAF ABRASIVI representa en el mercado.<\/div>\n<div class=\"Fsg96\" data-sfc-cp=\"\" data-sfc-root=\"c\" data-sfc-cb=\"\" data-complete=\"true\" data-processed=\"true\"><\/div>\n","protected":false},"excerpt":{"rendered":"<p>Visi\u00f3n y Misi\u00f3n: Excelencia en Evoluci\u00f3n TAF ABRASIVI persigue la excelencia combinando una consolidada vocaci\u00f3n comercial con la innovaci\u00f3n tecnol\u00f3gica. Nuestra misi\u00f3n es crear valor a trav\u00e9s de un crecimiento sostenible, garantizando soluciones de alta calidad y un servicio a medida capaz de anticipar los desaf\u00edos del mercado global. Nuestros Pilares Estrat\u00e9gicos Servicio Global Integrado:Ofrecemos&#8230;<\/p>\n","protected":false},"author":8,"featured_media":11456,"parent":0,"menu_order":0,"comment_status":"closed","ping_status":"closed","template":"page-templates\/simple-page.php","meta":{"footnotes":""},"class_list":["post-11812","page","type-page","status-publish","has-post-thumbnail","hentry"],"yoast_head":"<!-- This site is optimized with the Yoast SEO plugin v26.1.1 - https:\/\/yoast.com\/wordpress\/plugins\/seo\/ -->\n<title>Pol\u00edtica de Calidad TAF Abrasivi | TAF abrasivi<\/title>\n<meta name=\"robots\" content=\"noindex, nofollow\" \/>\n<meta property=\"og:locale\" content=\"es_ES\" \/>\n<meta property=\"og:type\" content=\"article\" \/>\n<meta property=\"og:title\" content=\"Pol\u00edtica de Calidad TAF Abrasivi | TAF abrasivi\" \/>\n<meta property=\"og:description\" content=\"Visi\u00f3n y Misi\u00f3n: Excelencia en Evoluci\u00f3n TAF ABRASIVI persigue la excelencia combinando una consolidada vocaci\u00f3n comercial con la innovaci\u00f3n tecnol\u00f3gica. Nuestra misi\u00f3n es crear valor a trav\u00e9s de un crecimiento sostenible, garantizando soluciones de alta calidad y un servicio a medida capaz de anticipar los desaf\u00edos del mercado global. Nuestros Pilares Estrat\u00e9gicos Servicio Global Integrado:Ofrecemos...\" \/>\n<meta property=\"og:url\" content=\"https:\/\/www.tafabrasivi.com\/es\/politica-de-calidad-taf-abrasivi\/\" \/>\n<meta property=\"og:site_name\" content=\"TAF abrasivi\" \/>\n<meta property=\"article:modified_time\" content=\"2026-04-02T10:12:01+00:00\" \/>\n<meta property=\"og:image\" content=\"https:\/\/www.tafabrasivi.com\/wp-content\/uploads\/2024\/01\/contatti-banner@2x-scaled-1.jpg\" \/>\n\t<meta property=\"og:image:width\" content=\"1920\" \/>\n\t<meta property=\"og:image:height\" content=\"471\" \/>\n\t<meta property=\"og:image:type\" content=\"image\/jpeg\" \/>\n<meta name=\"twitter:card\" content=\"summary_large_image\" \/>\n<meta name=\"twitter:label1\" content=\"Tiempo de lectura\" \/>\n\t<meta name=\"twitter:data1\" content=\"2 minutos\" \/>\n<script type=\"application\/ld+json\" class=\"yoast-schema-graph\">{\"@context\":\"https:\/\/schema.org\",\"@graph\":[{\"@type\":\"WebPage\",\"@id\":\"https:\/\/www.tafabrasivi.com\/es\/politica-de-calidad-taf-abrasivi\/\",\"url\":\"https:\/\/www.tafabrasivi.com\/es\/politica-de-calidad-taf-abrasivi\/\",\"name\":\"Pol\u00edtica de Calidad TAF Abrasivi | TAF abrasivi\",\"isPartOf\":{\"@id\":\"https:\/\/www.tafabrasivi.com\/es\/#website\"},\"primaryImageOfPage\":{\"@id\":\"https:\/\/www.tafabrasivi.com\/es\/politica-de-calidad-taf-abrasivi\/#primaryimage\"},\"image\":{\"@id\":\"https:\/\/www.tafabrasivi.com\/es\/politica-de-calidad-taf-abrasivi\/#primaryimage\"},\"thumbnailUrl\":\"https:\/\/www.tafabrasivi.com\/wp-content\/uploads\/2024\/01\/contatti-banner@2x-scaled-1.jpg\",\"datePublished\":\"2026-04-02T10:11:59+00:00\",\"dateModified\":\"2026-04-02T10:12:01+00:00\",\"inLanguage\":\"es\",\"potentialAction\":[{\"@type\":\"ReadAction\",\"target\":[\"https:\/\/www.tafabrasivi.com\/es\/politica-de-calidad-taf-abrasivi\/\"]}]},{\"@type\":\"ImageObject\",\"inLanguage\":\"es\",\"@id\":\"https:\/\/www.tafabrasivi.com\/es\/politica-de-calidad-taf-abrasivi\/#primaryimage\",\"url\":\"https:\/\/www.tafabrasivi.com\/wp-content\/uploads\/2024\/01\/contatti-banner@2x-scaled-1.jpg\",\"contentUrl\":\"https:\/\/www.tafabrasivi.com\/wp-content\/uploads\/2024\/01\/contatti-banner@2x-scaled-1.jpg\",\"width\":1920,\"height\":471},{\"@type\":\"WebSite\",\"@id\":\"https:\/\/www.tafabrasivi.com\/es\/#website\",\"url\":\"https:\/\/www.tafabrasivi.com\/es\/\",\"name\":\"TAF abrasivi\",\"description\":\"\",\"publisher\":{\"@id\":\"https:\/\/www.tafabrasivi.com\/es\/#organization\"},\"potentialAction\":[{\"@type\":\"SearchAction\",\"target\":{\"@type\":\"EntryPoint\",\"urlTemplate\":\"https:\/\/www.tafabrasivi.com\/es\/?s={search_term_string}\"},\"query-input\":{\"@type\":\"PropertyValueSpecification\",\"valueRequired\":true,\"valueName\":\"search_term_string\"}}],\"inLanguage\":\"es\"},{\"@type\":\"Organization\",\"@id\":\"https:\/\/www.tafabrasivi.com\/es\/#organization\",\"name\":\"TAF Abrasivi\",\"url\":\"https:\/\/www.tafabrasivi.com\/es\/\",\"logo\":{\"@type\":\"ImageObject\",\"inLanguage\":\"es\",\"@id\":\"https:\/\/www.tafabrasivi.com\/es\/#\/schema\/logo\/image\/\",\"url\":\"https:\/\/www.tafabrasivi.com\/wp-content\/uploads\/2021\/09\/2006.jpg\",\"contentUrl\":\"https:\/\/www.tafabrasivi.com\/wp-content\/uploads\/2021\/09\/2006.jpg\",\"width\":1710,\"height\":1080,\"caption\":\"TAF Abrasivi\"},\"image\":{\"@id\":\"https:\/\/www.tafabrasivi.com\/es\/#\/schema\/logo\/image\/\"}}]}<\/script>\n<!-- \/ Yoast SEO plugin. -->","yoast_head_json":{"title":"Pol\u00edtica de Calidad TAF Abrasivi | TAF abrasivi","robots":{"index":"noindex","follow":"nofollow"},"og_locale":"es_ES","og_type":"article","og_title":"Pol\u00edtica de Calidad TAF Abrasivi | TAF abrasivi","og_description":"Visi\u00f3n y Misi\u00f3n: Excelencia en Evoluci\u00f3n TAF ABRASIVI persigue la excelencia combinando una consolidada vocaci\u00f3n comercial con la innovaci\u00f3n tecnol\u00f3gica. Nuestra misi\u00f3n es crear valor a trav\u00e9s de un crecimiento sostenible, garantizando soluciones de alta calidad y un servicio a medida capaz de anticipar los desaf\u00edos del mercado global. Nuestros Pilares Estrat\u00e9gicos Servicio Global Integrado:Ofrecemos...","og_url":"https:\/\/www.tafabrasivi.com\/es\/politica-de-calidad-taf-abrasivi\/","og_site_name":"TAF abrasivi","article_modified_time":"2026-04-02T10:12:01+00:00","og_image":[{"width":1920,"height":471,"url":"https:\/\/www.tafabrasivi.com\/wp-content\/uploads\/2024\/01\/contatti-banner@2x-scaled-1.jpg","type":"image\/jpeg"}],"twitter_card":"summary_large_image","twitter_misc":{"Tiempo de lectura":"2 minutos"},"schema":{"@context":"https:\/\/schema.org","@graph":[{"@type":"WebPage","@id":"https:\/\/www.tafabrasivi.com\/es\/politica-de-calidad-taf-abrasivi\/","url":"https:\/\/www.tafabrasivi.com\/es\/politica-de-calidad-taf-abrasivi\/","name":"Pol\u00edtica de Calidad TAF Abrasivi | TAF abrasivi","isPartOf":{"@id":"https:\/\/www.tafabrasivi.com\/es\/#website"},"primaryImageOfPage":{"@id":"https:\/\/www.tafabrasivi.com\/es\/politica-de-calidad-taf-abrasivi\/#primaryimage"},"image":{"@id":"https:\/\/www.tafabrasivi.com\/es\/politica-de-calidad-taf-abrasivi\/#primaryimage"},"thumbnailUrl":"https:\/\/www.tafabrasivi.com\/wp-content\/uploads\/2024\/01\/contatti-banner@2x-scaled-1.jpg","datePublished":"2026-04-02T10:11:59+00:00","dateModified":"2026-04-02T10:12:01+00:00","inLanguage":"es","potentialAction":[{"@type":"ReadAction","target":["https:\/\/www.tafabrasivi.com\/es\/politica-de-calidad-taf-abrasivi\/"]}]},{"@type":"ImageObject","inLanguage":"es","@id":"https:\/\/www.tafabrasivi.com\/es\/politica-de-calidad-taf-abrasivi\/#primaryimage","url":"https:\/\/www.tafabrasivi.com\/wp-content\/uploads\/2024\/01\/contatti-banner@2x-scaled-1.jpg","contentUrl":"https:\/\/www.tafabrasivi.com\/wp-content\/uploads\/2024\/01\/contatti-banner@2x-scaled-1.jpg","width":1920,"height":471},{"@type":"WebSite","@id":"https:\/\/www.tafabrasivi.com\/es\/#website","url":"https:\/\/www.tafabrasivi.com\/es\/","name":"TAF abrasivi","description":"","publisher":{"@id":"https:\/\/www.tafabrasivi.com\/es\/#organization"},"potentialAction":[{"@type":"SearchAction","target":{"@type":"EntryPoint","urlTemplate":"https:\/\/www.tafabrasivi.com\/es\/?s={search_term_string}"},"query-input":{"@type":"PropertyValueSpecification","valueRequired":true,"valueName":"search_term_string"}}],"inLanguage":"es"},{"@type":"Organization","@id":"https:\/\/www.tafabrasivi.com\/es\/#organization","name":"TAF Abrasivi","url":"https:\/\/www.tafabrasivi.com\/es\/","logo":{"@type":"ImageObject","inLanguage":"es","@id":"https:\/\/www.tafabrasivi.com\/es\/#\/schema\/logo\/image\/","url":"https:\/\/www.tafabrasivi.com\/wp-content\/uploads\/2021\/09\/2006.jpg","contentUrl":"https:\/\/www.tafabrasivi.com\/wp-content\/uploads\/2021\/09\/2006.jpg","width":1710,"height":1080,"caption":"TAF Abrasivi"},"image":{"@id":"https:\/\/www.tafabrasivi.com\/es\/#\/schema\/logo\/image\/"}}]}},"_links":{"self":[{"href":"https:\/\/www.tafabrasivi.com\/es\/wp-json\/wp\/v2\/pages\/11812","targetHints":{"allow":["GET"]}}],"collection":[{"href":"https:\/\/www.tafabrasivi.com\/es\/wp-json\/wp\/v2\/pages"}],"about":[{"href":"https:\/\/www.tafabrasivi.com\/es\/wp-json\/wp\/v2\/types\/page"}],"author":[{"embeddable":true,"href":"https:\/\/www.tafabrasivi.com\/es\/wp-json\/wp\/v2\/users\/8"}],"replies":[{"embeddable":true,"href":"https:\/\/www.tafabrasivi.com\/es\/wp-json\/wp\/v2\/comments?post=11812"}],"version-history":[{"count":4,"href":"https:\/\/www.tafabrasivi.com\/es\/wp-json\/wp\/v2\/pages\/11812\/revisions"}],"predecessor-version":[{"id":11837,"href":"https:\/\/www.tafabrasivi.com\/es\/wp-json\/wp\/v2\/pages\/11812\/revisions\/11837"}],"wp:featuredmedia":[{"embeddable":true,"href":"https:\/\/www.tafabrasivi.com\/es\/wp-json\/wp\/v2\/media\/11456"}],"wp:attachment":[{"href":"https:\/\/www.tafabrasivi.com\/es\/wp-json\/wp\/v2\/media?parent=11812"}],"curies":[{"name":"wp","href":"https:\/\/api.w.org\/{rel}","templated":true}]}}