{"id":11075,"date":"2021-03-19T11:31:30","date_gmt":"2021-03-19T11:31:30","guid":{"rendered":"https:\/\/www.tafabrasivi.com\/qualita-e-made-in-italy\/"},"modified":"2021-12-07T15:14:28","modified_gmt":"2021-12-07T15:14:28","slug":"calidad-y-made-in-italy","status":"publish","type":"page","link":"https:\/\/www.tafabrasivi.com\/es\/calidad-y-made-in-italy\/","title":{"rendered":"Calidad y Made in Italy"},"content":{"rendered":"\n<div class=\"wp-block-columns is-layout-flex wp-container-core-columns-is-layout-9d6595d7 wp-block-columns-is-layout-flex\">\n<div class=\"wp-block-column is-layout-flow wp-block-column-is-layout-flow\">\n<p>La producci\u00f3n se realiza en la hist\u00f3rica planta de 18.000 m2 en Monza, Italia, e incluye una amplia gama de abrasivos flexibles con soporte de tela, papel y fibra vulcanizada.<\/p>\n\n\n\n<p>Todas las materias primas utilizadas en las fases de producci\u00f3n se someten a pruebas con estrictos protocolos en el laboratorio interno de TAF ABRASIVI antes de su uso; adem\u00e1s, todas las fases del proceso de producci\u00f3n se controlan de manera rigurosa para garantizar la m\u00e1xima calidad de los productos. Asimismo, TAF ABRASIVI realiza pruebas de muestreo de todos los productos finales antes de ponerlos a la venta. Las pruebas se llevan a cabo seg\u00fan par\u00e1metros deliberadamente estrictos para garantizar que los productos enviados a los clientes sean totalmente seguros y fiables, incluso en el caso de trabajos especialmente intensos.<\/p>\n<\/div>\n\n\n\n<div class=\"wp-block-column is-layout-flow wp-block-column-is-layout-flow\">\n<p>Tras el control de calidad, los productos finales se almacenan en un gran almac\u00e9n que cuenta con un sistema de climatizaci\u00f3n que controla constantemente la temperatura y la humedad.<\/p>\n\n\n\n<p>TAF ABRASIVI dispone actualmente de un Sistema de Calidad que se certific\u00f3 por primera vez en 1996, seg\u00fan las normas ISO 9002, hasta evolucionar sucesivamente hasta la edici\u00f3n actual de 2015 de la norma ISO 9001. \n<\/p>\n\n\n\n<p>Todos los productos TAF ABRASIVI tambi\u00e9n cumplen los requisitos de las normas europeas EN 13743 para abrasivos flexibles, EN 12413 para abrasivos r\u00edgidos y EN 13236 para superabrasivos. \n<\/p>\n\n\n\n<p><\/p>\n<\/div>\n<\/div>\n","protected":false},"excerpt":{"rendered":"<p>La producci\u00f3n se realiza en la hist\u00f3rica planta de 18.000 m2 en Monza, Italia, e incluye una amplia gama de abrasivos flexibles con soporte de tela, papel y fibra vulcanizada. Todas las materias primas utilizadas en las fases de producci\u00f3n se someten a pruebas con estrictos protocolos en el laboratorio interno de TAF ABRASIVI antes&#8230;<\/p>\n","protected":false},"author":1,"featured_media":168,"parent":0,"menu_order":0,"comment_status":"closed","ping_status":"closed","template":"page-templates\/simple-page.php","meta":{"footnotes":""},"class_list":["post-11075","page","type-page","status-publish","has-post-thumbnail","hentry"],"yoast_head":"<!-- This site is optimized with the Yoast SEO plugin v26.1.1 - https:\/\/yoast.com\/wordpress\/plugins\/seo\/ -->\n<title>Calidad y Made in Italy | TAF abrasivi<\/title>\n<meta name=\"robots\" content=\"index, follow, max-snippet:-1, max-image-preview:large, max-video-preview:-1\" \/>\n<link rel=\"canonical\" href=\"https:\/\/www.tafabrasivi.com\/es\/calidad-y-made-in-italy\/\" \/>\n<meta property=\"og:locale\" content=\"es_ES\" \/>\n<meta property=\"og:type\" content=\"article\" \/>\n<meta property=\"og:title\" content=\"Calidad y Made in Italy | TAF abrasivi\" \/>\n<meta property=\"og:description\" content=\"La producci\u00f3n se realiza en la hist\u00f3rica planta de 18.000 m2 en Monza, Italia, e incluye una amplia gama de abrasivos flexibles con soporte de tela, papel y fibra vulcanizada. Todas las materias primas utilizadas en las fases de producci\u00f3n se someten a pruebas con estrictos protocolos en el laboratorio interno de TAF ABRASIVI antes...\" \/>\n<meta property=\"og:url\" content=\"https:\/\/www.tafabrasivi.com\/es\/calidad-y-made-in-italy\/\" \/>\n<meta property=\"og:site_name\" content=\"TAF abrasivi\" \/>\n<meta property=\"article:modified_time\" content=\"2021-12-07T15:14:28+00:00\" \/>\n<meta property=\"og:image\" content=\"https:\/\/www.tafabrasivi.com\/wp-content\/uploads\/2021\/03\/made-in-italy-banner@2x-scaled.jpg\" \/>\n\t<meta property=\"og:image:width\" content=\"2560\" \/>\n\t<meta property=\"og:image:height\" content=\"628\" \/>\n\t<meta property=\"og:image:type\" content=\"image\/jpeg\" \/>\n<meta name=\"twitter:card\" content=\"summary_large_image\" \/>\n<meta name=\"twitter:label1\" content=\"Tiempo de lectura\" \/>\n\t<meta name=\"twitter:data1\" content=\"1 minuto\" \/>\n<script type=\"application\/ld+json\" class=\"yoast-schema-graph\">{\"@context\":\"https:\/\/schema.org\",\"@graph\":[{\"@type\":\"WebPage\",\"@id\":\"https:\/\/www.tafabrasivi.com\/es\/calidad-y-made-in-italy\/\",\"url\":\"https:\/\/www.tafabrasivi.com\/es\/calidad-y-made-in-italy\/\",\"name\":\"Calidad y Made in Italy | TAF abrasivi\",\"isPartOf\":{\"@id\":\"https:\/\/www.tafabrasivi.com\/es\/#website\"},\"primaryImageOfPage\":{\"@id\":\"https:\/\/www.tafabrasivi.com\/es\/calidad-y-made-in-italy\/#primaryimage\"},\"image\":{\"@id\":\"https:\/\/www.tafabrasivi.com\/es\/calidad-y-made-in-italy\/#primaryimage\"},\"thumbnailUrl\":\"https:\/\/www.tafabrasivi.com\/wp-content\/uploads\/2021\/03\/made-in-italy-banner@2x-scaled.jpg\",\"datePublished\":\"2021-03-19T11:31:30+00:00\",\"dateModified\":\"2021-12-07T15:14:28+00:00\",\"inLanguage\":\"es\",\"potentialAction\":[{\"@type\":\"ReadAction\",\"target\":[\"https:\/\/www.tafabrasivi.com\/es\/calidad-y-made-in-italy\/\"]}]},{\"@type\":\"ImageObject\",\"inLanguage\":\"es\",\"@id\":\"https:\/\/www.tafabrasivi.com\/es\/calidad-y-made-in-italy\/#primaryimage\",\"url\":\"https:\/\/www.tafabrasivi.com\/wp-content\/uploads\/2021\/03\/made-in-italy-banner@2x-scaled.jpg\",\"contentUrl\":\"https:\/\/www.tafabrasivi.com\/wp-content\/uploads\/2021\/03\/made-in-italy-banner@2x-scaled.jpg\",\"width\":2560,\"height\":628},{\"@type\":\"WebSite\",\"@id\":\"https:\/\/www.tafabrasivi.com\/es\/#website\",\"url\":\"https:\/\/www.tafabrasivi.com\/es\/\",\"name\":\"TAF abrasivi\",\"description\":\"\",\"publisher\":{\"@id\":\"https:\/\/www.tafabrasivi.com\/es\/#organization\"},\"potentialAction\":[{\"@type\":\"SearchAction\",\"target\":{\"@type\":\"EntryPoint\",\"urlTemplate\":\"https:\/\/www.tafabrasivi.com\/es\/?s={search_term_string}\"},\"query-input\":{\"@type\":\"PropertyValueSpecification\",\"valueRequired\":true,\"valueName\":\"search_term_string\"}}],\"inLanguage\":\"es\"},{\"@type\":\"Organization\",\"@id\":\"https:\/\/www.tafabrasivi.com\/es\/#organization\",\"name\":\"TAF Abrasivi\",\"url\":\"https:\/\/www.tafabrasivi.com\/es\/\",\"logo\":{\"@type\":\"ImageObject\",\"inLanguage\":\"es\",\"@id\":\"https:\/\/www.tafabrasivi.com\/es\/#\/schema\/logo\/image\/\",\"url\":\"https:\/\/www.tafabrasivi.com\/wp-content\/uploads\/2021\/09\/2006.jpg\",\"contentUrl\":\"https:\/\/www.tafabrasivi.com\/wp-content\/uploads\/2021\/09\/2006.jpg\",\"width\":1710,\"height\":1080,\"caption\":\"TAF Abrasivi\"},\"image\":{\"@id\":\"https:\/\/www.tafabrasivi.com\/es\/#\/schema\/logo\/image\/\"}}]}<\/script>\n<!-- \/ Yoast SEO plugin. -->","yoast_head_json":{"title":"Calidad y Made in Italy | TAF abrasivi","robots":{"index":"index","follow":"follow","max-snippet":"max-snippet:-1","max-image-preview":"max-image-preview:large","max-video-preview":"max-video-preview:-1"},"canonical":"https:\/\/www.tafabrasivi.com\/es\/calidad-y-made-in-italy\/","og_locale":"es_ES","og_type":"article","og_title":"Calidad y Made in Italy | TAF abrasivi","og_description":"La producci\u00f3n se realiza en la hist\u00f3rica planta de 18.000 m2 en Monza, Italia, e incluye una amplia gama de abrasivos flexibles con soporte de tela, papel y fibra vulcanizada. Todas las materias primas utilizadas en las fases de producci\u00f3n se someten a pruebas con estrictos protocolos en el laboratorio interno de TAF ABRASIVI antes...","og_url":"https:\/\/www.tafabrasivi.com\/es\/calidad-y-made-in-italy\/","og_site_name":"TAF abrasivi","article_modified_time":"2021-12-07T15:14:28+00:00","og_image":[{"width":2560,"height":628,"url":"https:\/\/www.tafabrasivi.com\/wp-content\/uploads\/2021\/03\/made-in-italy-banner@2x-scaled.jpg","type":"image\/jpeg"}],"twitter_card":"summary_large_image","twitter_misc":{"Tiempo de lectura":"1 minuto"},"schema":{"@context":"https:\/\/schema.org","@graph":[{"@type":"WebPage","@id":"https:\/\/www.tafabrasivi.com\/es\/calidad-y-made-in-italy\/","url":"https:\/\/www.tafabrasivi.com\/es\/calidad-y-made-in-italy\/","name":"Calidad y Made in Italy | TAF abrasivi","isPartOf":{"@id":"https:\/\/www.tafabrasivi.com\/es\/#website"},"primaryImageOfPage":{"@id":"https:\/\/www.tafabrasivi.com\/es\/calidad-y-made-in-italy\/#primaryimage"},"image":{"@id":"https:\/\/www.tafabrasivi.com\/es\/calidad-y-made-in-italy\/#primaryimage"},"thumbnailUrl":"https:\/\/www.tafabrasivi.com\/wp-content\/uploads\/2021\/03\/made-in-italy-banner@2x-scaled.jpg","datePublished":"2021-03-19T11:31:30+00:00","dateModified":"2021-12-07T15:14:28+00:00","inLanguage":"es","potentialAction":[{"@type":"ReadAction","target":["https:\/\/www.tafabrasivi.com\/es\/calidad-y-made-in-italy\/"]}]},{"@type":"ImageObject","inLanguage":"es","@id":"https:\/\/www.tafabrasivi.com\/es\/calidad-y-made-in-italy\/#primaryimage","url":"https:\/\/www.tafabrasivi.com\/wp-content\/uploads\/2021\/03\/made-in-italy-banner@2x-scaled.jpg","contentUrl":"https:\/\/www.tafabrasivi.com\/wp-content\/uploads\/2021\/03\/made-in-italy-banner@2x-scaled.jpg","width":2560,"height":628},{"@type":"WebSite","@id":"https:\/\/www.tafabrasivi.com\/es\/#website","url":"https:\/\/www.tafabrasivi.com\/es\/","name":"TAF abrasivi","description":"","publisher":{"@id":"https:\/\/www.tafabrasivi.com\/es\/#organization"},"potentialAction":[{"@type":"SearchAction","target":{"@type":"EntryPoint","urlTemplate":"https:\/\/www.tafabrasivi.com\/es\/?s={search_term_string}"},"query-input":{"@type":"PropertyValueSpecification","valueRequired":true,"valueName":"search_term_string"}}],"inLanguage":"es"},{"@type":"Organization","@id":"https:\/\/www.tafabrasivi.com\/es\/#organization","name":"TAF Abrasivi","url":"https:\/\/www.tafabrasivi.com\/es\/","logo":{"@type":"ImageObject","inLanguage":"es","@id":"https:\/\/www.tafabrasivi.com\/es\/#\/schema\/logo\/image\/","url":"https:\/\/www.tafabrasivi.com\/wp-content\/uploads\/2021\/09\/2006.jpg","contentUrl":"https:\/\/www.tafabrasivi.com\/wp-content\/uploads\/2021\/09\/2006.jpg","width":1710,"height":1080,"caption":"TAF Abrasivi"},"image":{"@id":"https:\/\/www.tafabrasivi.com\/es\/#\/schema\/logo\/image\/"}}]}},"_links":{"self":[{"href":"https:\/\/www.tafabrasivi.com\/es\/wp-json\/wp\/v2\/pages\/11075","targetHints":{"allow":["GET"]}}],"collection":[{"href":"https:\/\/www.tafabrasivi.com\/es\/wp-json\/wp\/v2\/pages"}],"about":[{"href":"https:\/\/www.tafabrasivi.com\/es\/wp-json\/wp\/v2\/types\/page"}],"author":[{"embeddable":true,"href":"https:\/\/www.tafabrasivi.com\/es\/wp-json\/wp\/v2\/users\/1"}],"replies":[{"embeddable":true,"href":"https:\/\/www.tafabrasivi.com\/es\/wp-json\/wp\/v2\/comments?post=11075"}],"version-history":[{"count":1,"href":"https:\/\/www.tafabrasivi.com\/es\/wp-json\/wp\/v2\/pages\/11075\/revisions"}],"predecessor-version":[{"id":11078,"href":"https:\/\/www.tafabrasivi.com\/es\/wp-json\/wp\/v2\/pages\/11075\/revisions\/11078"}],"wp:featuredmedia":[{"embeddable":true,"href":"https:\/\/www.tafabrasivi.com\/es\/wp-json\/wp\/v2\/media\/168"}],"wp:attachment":[{"href":"https:\/\/www.tafabrasivi.com\/es\/wp-json\/wp\/v2\/media?parent=11075"}],"curies":[{"name":"wp","href":"https:\/\/api.w.org\/{rel}","templated":true}]}}