{"id":11064,"date":"2021-04-16T07:32:03","date_gmt":"2021-04-16T07:32:03","guid":{"rendered":"https:\/\/www.tafabrasivi.com\/la-nostra-storia\/"},"modified":"2021-12-07T15:05:35","modified_gmt":"2021-12-07T15:05:35","slug":"nuestra-historia","status":"publish","type":"page","link":"https:\/\/www.tafabrasivi.com\/es\/nuestra-historia\/","title":{"rendered":"Nuestra historia"},"content":{"rendered":"\n<h3 class=\"wp-block-heading\"><strong>70 a\u00f1os de experiencia<\/strong><\/h3>\n\n\n\n<div class=\"wp-block-columns is-layout-flex wp-container-core-columns-is-layout-9d6595d7 wp-block-columns-is-layout-flex\">\n<div class=\"wp-block-column is-layout-flow wp-block-column-is-layout-flow\">\n<p>El final de la Segunda Guerra Mundial propici\u00f3 una oleada de iniciativas por todo el pa\u00eds y, en concreto, en la regi\u00f3n italiana de Brianza.<\/p>\n\n\n\n<p>Surg\u00edan y se multiplicaban las m\u00e1s diversas actividades industriales, que pon\u00edan de manifiesto la capacidad, el esfuerzo y el entusiasmo de quienes se dedicaban a ellas y hac\u00edan su valiosa contribuci\u00f3n a la reconstrucci\u00f3n y al desarrollo de Italia.<\/p>\n\n\n\n<p>TAF ABRASIVI se fund\u00f3 justo en ese per\u00edodo, el 23 de octubre de 1953. Desde sus inicios, esta empresa italiana destaca por la alta calidad de los productos que fabrica y logra conquistar en poco tiempo una posici\u00f3n importante en su mercado. Gracias a su tradici\u00f3n familiar, adem\u00e1s de intuici\u00f3n, inversiones y propias capacidades, la empresa registra desde siempre un crecimiento y un desarrollo continuos, que la llevan hoy a ser reconocida como el \u00ab<strong>fabricante italiano de referencia<\/strong>\u00bb en el campo de los abrasivos. <\/p>\n\n\n\n<p>Los pilares de TAF ABRASIVI se basan en su gran capacidad de <strong>investigaci\u00f3n y desarrollo<\/strong> (aquella que le permiti\u00f3 inventar e introducir en el mercado el disco de l\u00e1minas, todav\u00eda hoy una herramienta indiscutible e insustituible cuando se trabaja con metal), en la <strong>atenci\u00f3n que presta al mercado<\/strong> con el desarrollo y actualizaci\u00f3n de productos innovadores seg\u00fan las necesidades de la industria y oficios artesanales, y en la <strong>mejora constante de su estructura organizativa<\/strong> para ofrecer un servicio cada vez m\u00e1s cualificado y puntual.<\/p>\n<\/div>\n\n\n\n<div class=\"wp-block-column is-layout-flow wp-block-column-is-layout-flow\">\n<p>La producci\u00f3n se realiza en unas modernas instalaciones de 18.000 m2 en Monza, Italia, e incluye una amplia gama de abrasivos flexibles con soporte de tela, papel y fibra vulcanizada, as\u00ed como una l\u00ednea de abrasivos reforzados con mezclas de resina.<\/p>\n\n\n\n<p>Los abrasivos TAF siempre se someten a rigurosos controles para garantizar que su uso es seguro y se destinan principalmente a trabajos del metal, pero tambi\u00e9n se emplean ampliamente en el campo del vidrio, madera, pl\u00e1sticos, m\u00e1rmol y cuero. <\/p>\n\n\n\n<p>TAF ABRASIVI cuenta con una amplia y eficaz red de ventas que puede ofrecer a sus clientes en Italia y en todo el mundo un servicio de asesoramiento t\u00e9cnico y comercial para identificar, distribuir y utilizar los productos m\u00e1s id\u00f3neos seg\u00fan las exigencias.<\/p>\n<\/div>\n<\/div>\n\n\n\n<p><\/p>\n","protected":false},"excerpt":{"rendered":"<p>70 a\u00f1os de experiencia El final de la Segunda Guerra Mundial propici\u00f3 una oleada de iniciativas por todo el pa\u00eds y, en concreto, en la regi\u00f3n italiana de Brianza. Surg\u00edan y se multiplicaban las m\u00e1s diversas actividades industriales, que pon\u00edan de manifiesto la capacidad, el esfuerzo y el entusiasmo de quienes se dedicaban a ellas&#8230;<\/p>\n","protected":false},"author":1,"featured_media":1960,"parent":0,"menu_order":0,"comment_status":"closed","ping_status":"closed","template":"page-templates\/story.php","meta":{"footnotes":""},"class_list":["post-11064","page","type-page","status-publish","has-post-thumbnail","hentry"],"yoast_head":"<!-- This site is optimized with the Yoast SEO plugin v26.1.1 - https:\/\/yoast.com\/wordpress\/plugins\/seo\/ -->\n<title>Nuestra historia | TAF abrasivi<\/title>\n<meta name=\"robots\" content=\"index, follow, max-snippet:-1, max-image-preview:large, max-video-preview:-1\" \/>\n<link rel=\"canonical\" href=\"https:\/\/www.tafabrasivi.com\/es\/nuestra-historia\/\" \/>\n<meta property=\"og:locale\" content=\"es_ES\" \/>\n<meta property=\"og:type\" content=\"article\" \/>\n<meta property=\"og:title\" content=\"Nuestra historia | TAF abrasivi\" \/>\n<meta property=\"og:description\" content=\"70 a\u00f1os de experiencia El final de la Segunda Guerra Mundial propici\u00f3 una oleada de iniciativas por todo el pa\u00eds y, en concreto, en la regi\u00f3n italiana de Brianza. Surg\u00edan y se multiplicaban las m\u00e1s diversas actividades industriales, que pon\u00edan de manifiesto la capacidad, el esfuerzo y el entusiasmo de quienes se dedicaban a ellas...\" \/>\n<meta property=\"og:url\" content=\"https:\/\/www.tafabrasivi.com\/es\/nuestra-historia\/\" \/>\n<meta property=\"og:site_name\" content=\"TAF abrasivi\" \/>\n<meta property=\"article:modified_time\" content=\"2021-12-07T15:05:35+00:00\" \/>\n<meta property=\"og:image\" content=\"https:\/\/www.tafabrasivi.com\/wp-content\/uploads\/2021\/06\/la-nostra-storia.jpg\" \/>\n\t<meta property=\"og:image:width\" content=\"2560\" \/>\n\t<meta property=\"og:image:height\" content=\"629\" \/>\n\t<meta property=\"og:image:type\" content=\"image\/jpeg\" \/>\n<meta name=\"twitter:card\" content=\"summary_large_image\" \/>\n<meta name=\"twitter:label1\" content=\"Tiempo de lectura\" \/>\n\t<meta name=\"twitter:data1\" content=\"2 minutos\" \/>\n<script type=\"application\/ld+json\" class=\"yoast-schema-graph\">{\"@context\":\"https:\/\/schema.org\",\"@graph\":[{\"@type\":\"WebPage\",\"@id\":\"https:\/\/www.tafabrasivi.com\/es\/nuestra-historia\/\",\"url\":\"https:\/\/www.tafabrasivi.com\/es\/nuestra-historia\/\",\"name\":\"Nuestra historia | TAF abrasivi\",\"isPartOf\":{\"@id\":\"https:\/\/www.tafabrasivi.com\/es\/#website\"},\"primaryImageOfPage\":{\"@id\":\"https:\/\/www.tafabrasivi.com\/es\/nuestra-historia\/#primaryimage\"},\"image\":{\"@id\":\"https:\/\/www.tafabrasivi.com\/es\/nuestra-historia\/#primaryimage\"},\"thumbnailUrl\":\"https:\/\/www.tafabrasivi.com\/wp-content\/uploads\/2021\/06\/la-nostra-storia.jpg\",\"datePublished\":\"2021-04-16T07:32:03+00:00\",\"dateModified\":\"2021-12-07T15:05:35+00:00\",\"inLanguage\":\"es\",\"potentialAction\":[{\"@type\":\"ReadAction\",\"target\":[\"https:\/\/www.tafabrasivi.com\/es\/nuestra-historia\/\"]}]},{\"@type\":\"ImageObject\",\"inLanguage\":\"es\",\"@id\":\"https:\/\/www.tafabrasivi.com\/es\/nuestra-historia\/#primaryimage\",\"url\":\"https:\/\/www.tafabrasivi.com\/wp-content\/uploads\/2021\/06\/la-nostra-storia.jpg\",\"contentUrl\":\"https:\/\/www.tafabrasivi.com\/wp-content\/uploads\/2021\/06\/la-nostra-storia.jpg\",\"width\":2560,\"height\":629},{\"@type\":\"WebSite\",\"@id\":\"https:\/\/www.tafabrasivi.com\/es\/#website\",\"url\":\"https:\/\/www.tafabrasivi.com\/es\/\",\"name\":\"TAF abrasivi\",\"description\":\"\",\"publisher\":{\"@id\":\"https:\/\/www.tafabrasivi.com\/es\/#organization\"},\"potentialAction\":[{\"@type\":\"SearchAction\",\"target\":{\"@type\":\"EntryPoint\",\"urlTemplate\":\"https:\/\/www.tafabrasivi.com\/es\/?s={search_term_string}\"},\"query-input\":{\"@type\":\"PropertyValueSpecification\",\"valueRequired\":true,\"valueName\":\"search_term_string\"}}],\"inLanguage\":\"es\"},{\"@type\":\"Organization\",\"@id\":\"https:\/\/www.tafabrasivi.com\/es\/#organization\",\"name\":\"TAF Abrasivi\",\"url\":\"https:\/\/www.tafabrasivi.com\/es\/\",\"logo\":{\"@type\":\"ImageObject\",\"inLanguage\":\"es\",\"@id\":\"https:\/\/www.tafabrasivi.com\/es\/#\/schema\/logo\/image\/\",\"url\":\"https:\/\/www.tafabrasivi.com\/wp-content\/uploads\/2021\/09\/2006.jpg\",\"contentUrl\":\"https:\/\/www.tafabrasivi.com\/wp-content\/uploads\/2021\/09\/2006.jpg\",\"width\":1710,\"height\":1080,\"caption\":\"TAF Abrasivi\"},\"image\":{\"@id\":\"https:\/\/www.tafabrasivi.com\/es\/#\/schema\/logo\/image\/\"}}]}<\/script>\n<!-- \/ Yoast SEO plugin. -->","yoast_head_json":{"title":"Nuestra historia | TAF abrasivi","robots":{"index":"index","follow":"follow","max-snippet":"max-snippet:-1","max-image-preview":"max-image-preview:large","max-video-preview":"max-video-preview:-1"},"canonical":"https:\/\/www.tafabrasivi.com\/es\/nuestra-historia\/","og_locale":"es_ES","og_type":"article","og_title":"Nuestra historia | TAF abrasivi","og_description":"70 a\u00f1os de experiencia El final de la Segunda Guerra Mundial propici\u00f3 una oleada de iniciativas por todo el pa\u00eds y, en concreto, en la regi\u00f3n italiana de Brianza. Surg\u00edan y se multiplicaban las m\u00e1s diversas actividades industriales, que pon\u00edan de manifiesto la capacidad, el esfuerzo y el entusiasmo de quienes se dedicaban a ellas...","og_url":"https:\/\/www.tafabrasivi.com\/es\/nuestra-historia\/","og_site_name":"TAF abrasivi","article_modified_time":"2021-12-07T15:05:35+00:00","og_image":[{"width":2560,"height":629,"url":"https:\/\/www.tafabrasivi.com\/wp-content\/uploads\/2021\/06\/la-nostra-storia.jpg","type":"image\/jpeg"}],"twitter_card":"summary_large_image","twitter_misc":{"Tiempo de lectura":"2 minutos"},"schema":{"@context":"https:\/\/schema.org","@graph":[{"@type":"WebPage","@id":"https:\/\/www.tafabrasivi.com\/es\/nuestra-historia\/","url":"https:\/\/www.tafabrasivi.com\/es\/nuestra-historia\/","name":"Nuestra historia | TAF abrasivi","isPartOf":{"@id":"https:\/\/www.tafabrasivi.com\/es\/#website"},"primaryImageOfPage":{"@id":"https:\/\/www.tafabrasivi.com\/es\/nuestra-historia\/#primaryimage"},"image":{"@id":"https:\/\/www.tafabrasivi.com\/es\/nuestra-historia\/#primaryimage"},"thumbnailUrl":"https:\/\/www.tafabrasivi.com\/wp-content\/uploads\/2021\/06\/la-nostra-storia.jpg","datePublished":"2021-04-16T07:32:03+00:00","dateModified":"2021-12-07T15:05:35+00:00","inLanguage":"es","potentialAction":[{"@type":"ReadAction","target":["https:\/\/www.tafabrasivi.com\/es\/nuestra-historia\/"]}]},{"@type":"ImageObject","inLanguage":"es","@id":"https:\/\/www.tafabrasivi.com\/es\/nuestra-historia\/#primaryimage","url":"https:\/\/www.tafabrasivi.com\/wp-content\/uploads\/2021\/06\/la-nostra-storia.jpg","contentUrl":"https:\/\/www.tafabrasivi.com\/wp-content\/uploads\/2021\/06\/la-nostra-storia.jpg","width":2560,"height":629},{"@type":"WebSite","@id":"https:\/\/www.tafabrasivi.com\/es\/#website","url":"https:\/\/www.tafabrasivi.com\/es\/","name":"TAF abrasivi","description":"","publisher":{"@id":"https:\/\/www.tafabrasivi.com\/es\/#organization"},"potentialAction":[{"@type":"SearchAction","target":{"@type":"EntryPoint","urlTemplate":"https:\/\/www.tafabrasivi.com\/es\/?s={search_term_string}"},"query-input":{"@type":"PropertyValueSpecification","valueRequired":true,"valueName":"search_term_string"}}],"inLanguage":"es"},{"@type":"Organization","@id":"https:\/\/www.tafabrasivi.com\/es\/#organization","name":"TAF Abrasivi","url":"https:\/\/www.tafabrasivi.com\/es\/","logo":{"@type":"ImageObject","inLanguage":"es","@id":"https:\/\/www.tafabrasivi.com\/es\/#\/schema\/logo\/image\/","url":"https:\/\/www.tafabrasivi.com\/wp-content\/uploads\/2021\/09\/2006.jpg","contentUrl":"https:\/\/www.tafabrasivi.com\/wp-content\/uploads\/2021\/09\/2006.jpg","width":1710,"height":1080,"caption":"TAF Abrasivi"},"image":{"@id":"https:\/\/www.tafabrasivi.com\/es\/#\/schema\/logo\/image\/"}}]}},"_links":{"self":[{"href":"https:\/\/www.tafabrasivi.com\/es\/wp-json\/wp\/v2\/pages\/11064","targetHints":{"allow":["GET"]}}],"collection":[{"href":"https:\/\/www.tafabrasivi.com\/es\/wp-json\/wp\/v2\/pages"}],"about":[{"href":"https:\/\/www.tafabrasivi.com\/es\/wp-json\/wp\/v2\/types\/page"}],"author":[{"embeddable":true,"href":"https:\/\/www.tafabrasivi.com\/es\/wp-json\/wp\/v2\/users\/1"}],"replies":[{"embeddable":true,"href":"https:\/\/www.tafabrasivi.com\/es\/wp-json\/wp\/v2\/comments?post=11064"}],"version-history":[{"count":2,"href":"https:\/\/www.tafabrasivi.com\/es\/wp-json\/wp\/v2\/pages\/11064\/revisions"}],"predecessor-version":[{"id":11067,"href":"https:\/\/www.tafabrasivi.com\/es\/wp-json\/wp\/v2\/pages\/11064\/revisions\/11067"}],"wp:featuredmedia":[{"embeddable":true,"href":"https:\/\/www.tafabrasivi.com\/es\/wp-json\/wp\/v2\/media\/1960"}],"wp:attachment":[{"href":"https:\/\/www.tafabrasivi.com\/es\/wp-json\/wp\/v2\/media?parent=11064"}],"curies":[{"name":"wp","href":"https:\/\/api.w.org\/{rel}","templated":true}]}}