{"id":11062,"date":"2021-04-16T07:51:42","date_gmt":"2021-04-16T07:51:42","guid":{"rendered":"https:\/\/www.tafabrasivi.com\/la-linea-di-produzione\/"},"modified":"2021-12-13T14:14:30","modified_gmt":"2021-12-13T14:14:30","slug":"linea-de-produccion","status":"publish","type":"page","link":"https:\/\/www.tafabrasivi.com\/es\/linea-de-produccion\/","title":{"rendered":"L\u00ednea de producci\u00f3n"},"content":{"rendered":"\n<h3 class=\"wp-block-heading\"><strong>Seguimos todo el ciclo de producci\u00f3n<\/strong><\/h3>\n\n\n\n<div class=\"wp-block-columns is-layout-flex wp-container-core-columns-is-layout-9d6595d7 wp-block-columns-is-layout-flex\">\n<div class=\"wp-block-column is-layout-flow wp-block-column-is-layout-flow\">\n<p>TAF ABRASIVI se preocupa por todos sus productos y por esta raz\u00f3n la actividad de producci\u00f3n siempre ha sido el punto central de su trabajo.\nDesde sus inicios en 1953, TAF ABRASIVI tiene el objetivo final de fabricar productos t\u00e9cnicos de elevadas prestaciones y alta calidad con el fin de satisfacer las necesidades cada vez m\u00e1s complejas de su propio mercado de referencia.<\/p>\n<\/div>\n\n\n\n<div class=\"wp-block-column is-layout-flow wp-block-column-is-layout-flow\">\n<p>Su actividad comienza con la b\u00fasqueda de las mejores materias primas del mercado, seguida de escrupulosos controles a lo largo de todas las fases de producci\u00f3n en la planta de Monza (que abarca una superficie de 18.000 metros cuadrados) y de una atenci\u00f3n muy exhaustiva a los productos finales, con estrictas pruebas de laboratorio en la fase de postproducci\u00f3n.\nCuando todo el proceso se completa en pleno cumplimiento de todos los estrictos est\u00e1ndares de TAF ABRASIVI, los productos est\u00e1n listos para distribuirse en el mercado.<\/p>\n<\/div>\n<\/div>\n","protected":false},"excerpt":{"rendered":"<p>Seguimos todo el ciclo de producci\u00f3n TAF ABRASIVI se preocupa por todos sus productos y por esta raz\u00f3n la actividad de producci\u00f3n siempre ha sido el punto central de su trabajo. Desde sus inicios en 1953, TAF ABRASIVI tiene el objetivo final de fabricar productos t\u00e9cnicos de elevadas prestaciones y alta calidad con el fin&#8230;<\/p>\n","protected":false},"author":1,"featured_media":273,"parent":0,"menu_order":0,"comment_status":"closed","ping_status":"closed","template":"page-templates\/production.php","meta":{"footnotes":""},"class_list":["post-11062","page","type-page","status-publish","has-post-thumbnail","hentry"],"yoast_head":"<!-- This site is optimized with the Yoast SEO plugin v26.1.1 - https:\/\/yoast.com\/wordpress\/plugins\/seo\/ -->\n<title>L\u00ednea de producci\u00f3n | TAF abrasivi<\/title>\n<meta name=\"robots\" content=\"index, follow, max-snippet:-1, max-image-preview:large, max-video-preview:-1\" \/>\n<link rel=\"canonical\" href=\"https:\/\/www.tafabrasivi.com\/es\/linea-de-produccion\/\" \/>\n<meta property=\"og:locale\" content=\"es_ES\" \/>\n<meta property=\"og:type\" content=\"article\" \/>\n<meta property=\"og:title\" content=\"L\u00ednea de producci\u00f3n | TAF abrasivi\" \/>\n<meta property=\"og:description\" content=\"Seguimos todo el ciclo de producci\u00f3n TAF ABRASIVI se preocupa por todos sus productos y por esta raz\u00f3n la actividad de producci\u00f3n siempre ha sido el punto central de su trabajo. Desde sus inicios en 1953, TAF ABRASIVI tiene el objetivo final de fabricar productos t\u00e9cnicos de elevadas prestaciones y alta calidad con el fin...\" \/>\n<meta property=\"og:url\" content=\"https:\/\/www.tafabrasivi.com\/es\/linea-de-produccion\/\" \/>\n<meta property=\"og:site_name\" content=\"TAF abrasivi\" \/>\n<meta property=\"article:modified_time\" content=\"2021-12-13T14:14:30+00:00\" \/>\n<meta property=\"og:image\" content=\"https:\/\/www.tafabrasivi.com\/wp-content\/uploads\/2021\/03\/macro-banner@2x-scaled.jpg\" \/>\n\t<meta property=\"og:image:width\" content=\"2560\" \/>\n\t<meta property=\"og:image:height\" content=\"1447\" \/>\n\t<meta property=\"og:image:type\" content=\"image\/jpeg\" \/>\n<meta name=\"twitter:card\" content=\"summary_large_image\" \/>\n<meta name=\"twitter:label1\" content=\"Tiempo de lectura\" \/>\n\t<meta name=\"twitter:data1\" content=\"1 minuto\" \/>\n<script type=\"application\/ld+json\" class=\"yoast-schema-graph\">{\"@context\":\"https:\/\/schema.org\",\"@graph\":[{\"@type\":\"WebPage\",\"@id\":\"https:\/\/www.tafabrasivi.com\/es\/linea-de-produccion\/\",\"url\":\"https:\/\/www.tafabrasivi.com\/es\/linea-de-produccion\/\",\"name\":\"L\u00ednea de producci\u00f3n | TAF abrasivi\",\"isPartOf\":{\"@id\":\"https:\/\/www.tafabrasivi.com\/es\/#website\"},\"primaryImageOfPage\":{\"@id\":\"https:\/\/www.tafabrasivi.com\/es\/linea-de-produccion\/#primaryimage\"},\"image\":{\"@id\":\"https:\/\/www.tafabrasivi.com\/es\/linea-de-produccion\/#primaryimage\"},\"thumbnailUrl\":\"https:\/\/www.tafabrasivi.com\/wp-content\/uploads\/2021\/03\/macro-banner@2x-scaled.jpg\",\"datePublished\":\"2021-04-16T07:51:42+00:00\",\"dateModified\":\"2021-12-13T14:14:30+00:00\",\"inLanguage\":\"es\",\"potentialAction\":[{\"@type\":\"ReadAction\",\"target\":[\"https:\/\/www.tafabrasivi.com\/es\/linea-de-produccion\/\"]}]},{\"@type\":\"ImageObject\",\"inLanguage\":\"es\",\"@id\":\"https:\/\/www.tafabrasivi.com\/es\/linea-de-produccion\/#primaryimage\",\"url\":\"https:\/\/www.tafabrasivi.com\/wp-content\/uploads\/2021\/03\/macro-banner@2x-scaled.jpg\",\"contentUrl\":\"https:\/\/www.tafabrasivi.com\/wp-content\/uploads\/2021\/03\/macro-banner@2x-scaled.jpg\",\"width\":2560,\"height\":1447},{\"@type\":\"WebSite\",\"@id\":\"https:\/\/www.tafabrasivi.com\/es\/#website\",\"url\":\"https:\/\/www.tafabrasivi.com\/es\/\",\"name\":\"TAF abrasivi\",\"description\":\"\",\"publisher\":{\"@id\":\"https:\/\/www.tafabrasivi.com\/es\/#organization\"},\"potentialAction\":[{\"@type\":\"SearchAction\",\"target\":{\"@type\":\"EntryPoint\",\"urlTemplate\":\"https:\/\/www.tafabrasivi.com\/es\/?s={search_term_string}\"},\"query-input\":{\"@type\":\"PropertyValueSpecification\",\"valueRequired\":true,\"valueName\":\"search_term_string\"}}],\"inLanguage\":\"es\"},{\"@type\":\"Organization\",\"@id\":\"https:\/\/www.tafabrasivi.com\/es\/#organization\",\"name\":\"TAF Abrasivi\",\"url\":\"https:\/\/www.tafabrasivi.com\/es\/\",\"logo\":{\"@type\":\"ImageObject\",\"inLanguage\":\"es\",\"@id\":\"https:\/\/www.tafabrasivi.com\/es\/#\/schema\/logo\/image\/\",\"url\":\"https:\/\/www.tafabrasivi.com\/wp-content\/uploads\/2021\/09\/2006.jpg\",\"contentUrl\":\"https:\/\/www.tafabrasivi.com\/wp-content\/uploads\/2021\/09\/2006.jpg\",\"width\":1710,\"height\":1080,\"caption\":\"TAF Abrasivi\"},\"image\":{\"@id\":\"https:\/\/www.tafabrasivi.com\/es\/#\/schema\/logo\/image\/\"}}]}<\/script>\n<!-- \/ Yoast SEO plugin. -->","yoast_head_json":{"title":"L\u00ednea de producci\u00f3n | TAF abrasivi","robots":{"index":"index","follow":"follow","max-snippet":"max-snippet:-1","max-image-preview":"max-image-preview:large","max-video-preview":"max-video-preview:-1"},"canonical":"https:\/\/www.tafabrasivi.com\/es\/linea-de-produccion\/","og_locale":"es_ES","og_type":"article","og_title":"L\u00ednea de producci\u00f3n | TAF abrasivi","og_description":"Seguimos todo el ciclo de producci\u00f3n TAF ABRASIVI se preocupa por todos sus productos y por esta raz\u00f3n la actividad de producci\u00f3n siempre ha sido el punto central de su trabajo. Desde sus inicios en 1953, TAF ABRASIVI tiene el objetivo final de fabricar productos t\u00e9cnicos de elevadas prestaciones y alta calidad con el fin...","og_url":"https:\/\/www.tafabrasivi.com\/es\/linea-de-produccion\/","og_site_name":"TAF abrasivi","article_modified_time":"2021-12-13T14:14:30+00:00","og_image":[{"width":2560,"height":1447,"url":"https:\/\/www.tafabrasivi.com\/wp-content\/uploads\/2021\/03\/macro-banner@2x-scaled.jpg","type":"image\/jpeg"}],"twitter_card":"summary_large_image","twitter_misc":{"Tiempo de lectura":"1 minuto"},"schema":{"@context":"https:\/\/schema.org","@graph":[{"@type":"WebPage","@id":"https:\/\/www.tafabrasivi.com\/es\/linea-de-produccion\/","url":"https:\/\/www.tafabrasivi.com\/es\/linea-de-produccion\/","name":"L\u00ednea de producci\u00f3n | TAF abrasivi","isPartOf":{"@id":"https:\/\/www.tafabrasivi.com\/es\/#website"},"primaryImageOfPage":{"@id":"https:\/\/www.tafabrasivi.com\/es\/linea-de-produccion\/#primaryimage"},"image":{"@id":"https:\/\/www.tafabrasivi.com\/es\/linea-de-produccion\/#primaryimage"},"thumbnailUrl":"https:\/\/www.tafabrasivi.com\/wp-content\/uploads\/2021\/03\/macro-banner@2x-scaled.jpg","datePublished":"2021-04-16T07:51:42+00:00","dateModified":"2021-12-13T14:14:30+00:00","inLanguage":"es","potentialAction":[{"@type":"ReadAction","target":["https:\/\/www.tafabrasivi.com\/es\/linea-de-produccion\/"]}]},{"@type":"ImageObject","inLanguage":"es","@id":"https:\/\/www.tafabrasivi.com\/es\/linea-de-produccion\/#primaryimage","url":"https:\/\/www.tafabrasivi.com\/wp-content\/uploads\/2021\/03\/macro-banner@2x-scaled.jpg","contentUrl":"https:\/\/www.tafabrasivi.com\/wp-content\/uploads\/2021\/03\/macro-banner@2x-scaled.jpg","width":2560,"height":1447},{"@type":"WebSite","@id":"https:\/\/www.tafabrasivi.com\/es\/#website","url":"https:\/\/www.tafabrasivi.com\/es\/","name":"TAF abrasivi","description":"","publisher":{"@id":"https:\/\/www.tafabrasivi.com\/es\/#organization"},"potentialAction":[{"@type":"SearchAction","target":{"@type":"EntryPoint","urlTemplate":"https:\/\/www.tafabrasivi.com\/es\/?s={search_term_string}"},"query-input":{"@type":"PropertyValueSpecification","valueRequired":true,"valueName":"search_term_string"}}],"inLanguage":"es"},{"@type":"Organization","@id":"https:\/\/www.tafabrasivi.com\/es\/#organization","name":"TAF Abrasivi","url":"https:\/\/www.tafabrasivi.com\/es\/","logo":{"@type":"ImageObject","inLanguage":"es","@id":"https:\/\/www.tafabrasivi.com\/es\/#\/schema\/logo\/image\/","url":"https:\/\/www.tafabrasivi.com\/wp-content\/uploads\/2021\/09\/2006.jpg","contentUrl":"https:\/\/www.tafabrasivi.com\/wp-content\/uploads\/2021\/09\/2006.jpg","width":1710,"height":1080,"caption":"TAF Abrasivi"},"image":{"@id":"https:\/\/www.tafabrasivi.com\/es\/#\/schema\/logo\/image\/"}}]}},"_links":{"self":[{"href":"https:\/\/www.tafabrasivi.com\/es\/wp-json\/wp\/v2\/pages\/11062","targetHints":{"allow":["GET"]}}],"collection":[{"href":"https:\/\/www.tafabrasivi.com\/es\/wp-json\/wp\/v2\/pages"}],"about":[{"href":"https:\/\/www.tafabrasivi.com\/es\/wp-json\/wp\/v2\/types\/page"}],"author":[{"embeddable":true,"href":"https:\/\/www.tafabrasivi.com\/es\/wp-json\/wp\/v2\/users\/1"}],"replies":[{"embeddable":true,"href":"https:\/\/www.tafabrasivi.com\/es\/wp-json\/wp\/v2\/comments?post=11062"}],"version-history":[{"count":2,"href":"https:\/\/www.tafabrasivi.com\/es\/wp-json\/wp\/v2\/pages\/11062\/revisions"}],"predecessor-version":[{"id":11181,"href":"https:\/\/www.tafabrasivi.com\/es\/wp-json\/wp\/v2\/pages\/11062\/revisions\/11181"}],"wp:featuredmedia":[{"embeddable":true,"href":"https:\/\/www.tafabrasivi.com\/es\/wp-json\/wp\/v2\/media\/273"}],"wp:attachment":[{"href":"https:\/\/www.tafabrasivi.com\/es\/wp-json\/wp\/v2\/media?parent=11062"}],"curies":[{"name":"wp","href":"https:\/\/api.w.org\/{rel}","templated":true}]}}